{"id":12,"date":"2023-09-17T22:26:20","date_gmt":"2023-09-17T22:26:20","guid":{"rendered":"https:\/\/warncarntb.org\/?page_id=12"},"modified":"2023-12-07T18:01:56","modified_gmt":"2023-12-07T18:01:56","slug":"documents","status":"publish","type":"page","link":"https:\/\/warncarntb.org\/fr\/documents\/","title":{"rendered":"Documents"},"content":{"rendered":"<div data-elementor-type=\"wp-page\" data-elementor-id=\"12\" class=\"elementor elementor-12\" data-elementor-post-type=\"page\">\n\t\t\t\t<div data-particle_enable=\"false\" data-particle-mobile-disabled=\"false\" class=\"elementor-element elementor-element-6072c83 e-flex e-con-boxed e-con e-parent\" data-id=\"6072c83\" data-element_type=\"container\" data-e-type=\"container\">\n\t\t\t\t\t<div class=\"e-con-inner\">\n\t\t\t\t<div class=\"elementor-element elementor-element-a9ef020 elementor-widget elementor-widget-heading\" data-id=\"a9ef020\" data-element_type=\"widget\" data-e-type=\"widget\" data-widget_type=\"heading.default\">\n\t\t\t\t<div class=\"elementor-widget-container\">\n\t\t\t\t\t<h3 class=\"elementor-heading-title elementor-size-xl\">LIGNES DIRECTRICES ET COMMUNICATIONS RAPIDES DES PARTENAIRES SUR LA TB<\/h3>\t\t\t\t<\/div>\n\t\t\t\t<\/div>\n\t\t\t\t<div class=\"elementor-element elementor-element-77299dd elementor-invisible elementor-widget elementor-widget-heading\" data-id=\"77299dd\" data-element_type=\"widget\" data-e-type=\"widget\" data-settings=\"{&quot;_animation&quot;:&quot;fadeInUp&quot;}\" data-widget_type=\"heading.default\">\n\t\t\t\t<div class=\"elementor-widget-container\">\n\t\t\t\t\t<h2 class=\"elementor-heading-title elementor-size-default\"><a href=\"https:\/\/warncarntb.org\/wp-content\/uploads\/2023\/12\/9789240076372-eng.pdf\">Utilisation du s\u00e9quen\u00e7age cibl\u00e9 de nouvelle g\u00e9n\u00e9ration pour d\u00e9tecter la tuberculose pharmacor\u00e9sistante _ Communication rapide de l'OMS (juillet 2023)<\/a><\/h2>\t\t\t\t<\/div>\n\t\t\t\t<\/div>\n\t\t\t\t<div class=\"elementor-element elementor-element-b4f8c18 elementor-invisible elementor-widget elementor-widget-heading\" data-id=\"b4f8c18\" data-element_type=\"widget\" data-e-type=\"widget\" data-settings=\"{&quot;_animation&quot;:&quot;fadeInUp&quot;}\" data-widget_type=\"heading.default\">\n\t\t\t\t<div class=\"elementor-widget-container\">\n\t\t\t\t\t<h2 class=\"elementor-heading-title elementor-size-default\"><a href=\"https:\/\/warncarntb.org\/wp-content\/uploads\/2023\/12\/9789240081178-eng.pdf\">Profils de produits cibles pour les tests de suivi et d'optimisation du traitement de la tuberculose _ OMS<\/a><\/h2>\t\t\t\t<\/div>\n\t\t\t\t<\/div>\n\t\t\t\t<div class=\"elementor-element elementor-element-d1a385d elementor-invisible elementor-widget elementor-widget-heading\" data-id=\"d1a385d\" data-element_type=\"widget\" data-e-type=\"widget\" data-settings=\"{&quot;_animation&quot;:&quot;fadeInUp&quot;}\" data-widget_type=\"heading.default\">\n\t\t\t\t<div class=\"elementor-widget-container\">\n\t\t\t\t\t<h2 class=\"elementor-heading-title elementor-size-default\"><a href=\"https:\/\/warncarntb.org\/wp-content\/uploads\/2023\/12\/9789240081512-eng.pdf\">Profils de r\u00e9gimes cibles pour le traitement de la tuberculose _ Mise \u00e0 jour 2023 _ OMS<\/a><\/h2>\t\t\t\t<\/div>\n\t\t\t\t<\/div>\n\t\t\t\t<div class=\"elementor-element elementor-element-d8fe3d1 elementor-invisible elementor-widget elementor-widget-heading\" data-id=\"d8fe3d1\" data-element_type=\"widget\" data-e-type=\"widget\" data-settings=\"{&quot;_animation&quot;:&quot;fadeInUp&quot;}\" data-widget_type=\"heading.default\">\n\t\t\t\t<div class=\"elementor-widget-container\">\n\t\t\t\t\t<h2 class=\"elementor-heading-title elementor-size-default\"><a href=\"https:\/\/warncarntb.org\/wp-content\/uploads\/2023\/12\/NSP-TB-9789240052055-eng.pdf\">Orientations pour la planification strat\u00e9gique nationale de la lutte contre la tuberculose _ OMS<\/a><\/h2>\t\t\t\t<\/div>\n\t\t\t\t<\/div>\n\t\t\t\t<div class=\"elementor-element elementor-element-2f80d31 elementor-invisible elementor-widget elementor-widget-heading\" data-id=\"2f80d31\" data-element_type=\"widget\" data-e-type=\"widget\" data-settings=\"{&quot;_animation&quot;:&quot;fadeInUp&quot;}\" data-widget_type=\"heading.default\">\n\t\t\t\t<div class=\"elementor-widget-container\">\n\t\t\t\t\t<h2 class=\"elementor-heading-title elementor-size-default\"><a href=\"https:\/\/warncarntb.org\/wp-content\/uploads\/2023\/12\/WHO_Module-5_PEC-de-la-TB-chez-les-enfants-et-les-adolescents.pdf\">Directives consolid\u00e9es de l'OMS sur la tuberculose _ Module 5 : prise en charge de la tuberculose chez l'enfant et l'adolescent _ OMS<\/a><\/h2>\t\t\t\t<\/div>\n\t\t\t\t<\/div>\n\t\t\t\t<div class=\"elementor-element elementor-element-d421570 elementor-invisible elementor-widget elementor-widget-heading\" data-id=\"d421570\" data-element_type=\"widget\" data-e-type=\"widget\" data-settings=\"{&quot;_animation&quot;:&quot;fadeInUp&quot;}\" data-widget_type=\"heading.default\">\n\t\t\t\t<div class=\"elementor-widget-container\">\n\t\t\t\t\t<h2 class=\"elementor-heading-title elementor-size-default\"><a href=\"https:\/\/warncarntb.org\/wp-content\/uploads\/2023\/12\/Guide-to-develop-a-national-action-plan-on-public-private-mix-for-tuberculosis-prevention-and-care.pdf\">Guide pour l'\u00e9laboration d'un plan d'action national sur les partenariats public-priv\u00e9 pour la pr\u00e9vention et le traitement de la tuberculose _ OMS<\/a><\/h2>\t\t\t\t<\/div>\n\t\t\t\t<\/div>\n\t\t\t\t<div class=\"elementor-element elementor-element-8f016d6 elementor-invisible elementor-widget elementor-widget-heading\" data-id=\"8f016d6\" data-element_type=\"widget\" data-e-type=\"widget\" data-settings=\"{&quot;_animation&quot;:&quot;fadeInUp&quot;}\" data-widget_type=\"heading.default\">\n\t\t\t\t<div class=\"elementor-widget-container\">\n\t\t\t\t\t<h2 class=\"elementor-heading-title elementor-size-default\"><a href=\"https:\/\/warncarntb.org\/wp-content\/uploads\/2023\/12\/Public\u2013private-mix-for-TB-prevention-and-care_-a-roadmap-eng.pdf\">Partenariat public-priv\u00e9 pour la pr\u00e9vention et le traitement de la TB _ une feuille de route _ OMS<\/a><\/h2>\t\t\t\t<\/div>\n\t\t\t\t<\/div>\n\t\t\t\t<div class=\"elementor-element elementor-element-5a5ffa8 elementor-invisible elementor-widget elementor-widget-heading\" data-id=\"5a5ffa8\" data-element_type=\"widget\" data-e-type=\"widget\" data-settings=\"{&quot;_animation&quot;:&quot;fadeInUp&quot;}\" data-widget_type=\"heading.default\">\n\t\t\t\t<div class=\"elementor-widget-container\">\n\t\t\t\t\t<h2 class=\"elementor-heading-title elementor-size-default\"><a href=\"https:\/\/warncarntb.org\/wp-content\/uploads\/2023\/12\/COVID-TB-Integrated-Contact-Investigation_March2021.pdf\">COVID-19 : recherche des contacts et enqu\u00eate sur les contacts avec la TB : une approche int\u00e9gr\u00e9e de la mise en \u0153uvre _ mars 2021 _ USAID &amp; Stop TB<br><\/a><\/h2>\t\t\t\t<\/div>\n\t\t\t\t<\/div>\n\t\t\t\t<div class=\"elementor-element elementor-element-9be445c elementor-invisible elementor-widget elementor-widget-heading\" data-id=\"9be445c\" data-element_type=\"widget\" data-e-type=\"widget\" data-settings=\"{&quot;_animation&quot;:&quot;fadeInUp&quot;}\" data-widget_type=\"heading.default\">\n\t\t\t\t<div class=\"elementor-widget-container\">\n\t\t\t\t\t<h2 class=\"elementor-heading-title elementor-size-default\"><a href=\"https:\/\/warncarntb.org\/wp-content\/uploads\/2023\/12\/engaging-private-health-care-providers-in-tb-care-and-prevention-a-landscape-analysis-2020-update.pdf\">Impliquer les prestataires de soins de sant\u00e9 priv\u00e9s dans les soins et la pr\u00e9vention de la TB : analyse du paysage _ mise \u00e0 jour 2020 _ OMS<\/a><\/h2>\t\t\t\t<\/div>\n\t\t\t\t<\/div>\n\t\t\t\t<div class=\"elementor-element elementor-element-476c672 elementor-invisible elementor-widget elementor-widget-heading\" data-id=\"476c672\" data-element_type=\"widget\" data-e-type=\"widget\" data-settings=\"{&quot;_animation&quot;:&quot;fadeInUp&quot;}\" data-widget_type=\"heading.default\">\n\t\t\t\t<div class=\"elementor-widget-container\">\n\t\t\t\t\t<h2 class=\"elementor-heading-title elementor-size-default\"><a href=\"https:\/\/warncarntb.org\/wp-content\/uploads\/2023\/12\/Truenat_Implementation_Guide.pdf\">Guide pratique pour la mise en \u0153uvre des tests TRUENAT pour la d\u00e9tection de la TB et de la r\u00e9sistance \u00e0 la rifampicine _ USAID &amp; Stop TB<\/a><\/h2>\t\t\t\t<\/div>\n\t\t\t\t<\/div>\n\t\t\t\t<div class=\"elementor-element elementor-element-94edcd3 elementor-invisible elementor-widget elementor-widget-heading\" data-id=\"94edcd3\" data-element_type=\"widget\" data-e-type=\"widget\" data-settings=\"{&quot;_animation&quot;:&quot;fadeInUp&quot;}\" data-widget_type=\"heading.default\">\n\t\t\t\t<div class=\"elementor-widget-container\">\n\t\t\t\t\t<h2 class=\"elementor-heading-title elementor-size-default\"><a href=\"https:\/\/warncarntb.org\/wp-content\/uploads\/2023\/12\/9789240007185-eng.pdf\">Cadre pour l'\u00e9valuation des nouveaux tests de d\u00e9pistage de la tuberculose _ OMS<\/a><\/h2>\t\t\t\t<\/div>\n\t\t\t\t<\/div>\n\t\t\t\t<div class=\"elementor-element elementor-element-053a130 elementor-invisible elementor-widget elementor-widget-heading\" data-id=\"053a130\" data-element_type=\"widget\" data-e-type=\"widget\" data-settings=\"{&quot;_animation&quot;:&quot;fadeInUp&quot;}\" data-widget_type=\"heading.default\">\n\t\t\t\t<div class=\"elementor-widget-container\">\n\t\t\t\t\t<h2 class=\"elementor-heading-title elementor-size-default\"><a href=\"https:\/\/warncarntb.org\/wp-content\/uploads\/2023\/12\/9789240010130-eng.pdf\">Profils de produits cibles pour le traitement pr\u00e9ventif de la tuberculose _ OMS<\/a><\/h2>\t\t\t\t<\/div>\n\t\t\t\t<\/div>\n\t\t\t\t<div class=\"elementor-element elementor-element-9150744 elementor-invisible elementor-widget elementor-widget-heading\" data-id=\"9150744\" data-element_type=\"widget\" data-e-type=\"widget\" data-settings=\"{&quot;_animation&quot;:&quot;fadeInUp&quot;}\" data-widget_type=\"heading.default\">\n\t\t\t\t<div class=\"elementor-widget-container\">\n\t\t\t\t\t<h2 class=\"elementor-heading-title elementor-size-default\"><a href=\"https:\/\/warncarntb.org\/wp-content\/uploads\/2023\/12\/Civil-society-task-force-on-TB-eng.pdf\">Groupe de travail de la soci\u00e9t\u00e9 civile sur la TB _ OMS<\/a><\/h2>\t\t\t\t<\/div>\n\t\t\t\t<\/div>\n\t\t\t\t<div class=\"elementor-element elementor-element-c501c76 elementor-invisible elementor-widget elementor-widget-heading\" data-id=\"c501c76\" data-element_type=\"widget\" data-e-type=\"widget\" data-settings=\"{&quot;_animation&quot;:&quot;fadeInUp&quot;}\" data-widget_type=\"heading.default\">\n\t\t\t\t<div class=\"elementor-widget-container\">\n\t\t\t\t\t<h2 class=\"elementor-heading-title elementor-size-default\"><a href=\"https:\/\/warncarntb.org\/wp-content\/uploads\/2023\/12\/Eng-Guidances-for-Surveillance-of-DR-in-TB.pdf\">Lignes directrices pour la surveillance de la r\u00e9sistance aux m\u00e9dicaments dans la TB _ OMS<\/a><\/h2>\t\t\t\t<\/div>\n\t\t\t\t<\/div>\n\t\t\t\t<div class=\"elementor-element elementor-element-85bcfcb elementor-invisible elementor-widget elementor-widget-heading\" data-id=\"85bcfcb\" data-element_type=\"widget\" data-e-type=\"widget\" data-settings=\"{&quot;_animation&quot;:&quot;fadeInUp&quot;}\" data-widget_type=\"heading.default\">\n\t\t\t\t<div class=\"elementor-widget-container\">\n\t\t\t\t\t<h2 class=\"elementor-heading-title elementor-size-default\"><a href=\"https:\/\/warncarntb.org\/wp-content\/uploads\/2023\/12\/FacilityAnalysisGuide_TB.pdf\">Bo\u00eete \u00e0 outils pour l'analyse et l'utilisation des donn\u00e9es de routine des \u00e9tablissements de sant\u00e9 _ Guide \u00e0 l'intention des responsables de programmes de lutte contre la TB _ OMS<\/a><\/h2>\t\t\t\t<\/div>\n\t\t\t\t<\/div>\n\t\t\t\t<div class=\"elementor-element elementor-element-2ef4b91 elementor-widget elementor-widget-spacer\" data-id=\"2ef4b91\" data-element_type=\"widget\" data-e-type=\"widget\" data-widget_type=\"spacer.default\">\n\t\t\t\t<div class=\"elementor-widget-container\">\n\t\t\t\t\t\t\t<div class=\"elementor-spacer\">\n\t\t\t<div class=\"elementor-spacer-inner\"><\/div>\n\t\t<\/div>\n\t\t\t\t\t\t<\/div>\n\t\t\t\t<\/div>\n\t\t\t\t<div class=\"elementor-element elementor-element-c1b7536 elementor-widget-divider--view-line elementor-widget elementor-widget-divider\" data-id=\"c1b7536\" data-element_type=\"widget\" data-e-type=\"widget\" data-widget_type=\"divider.default\">\n\t\t\t\t<div class=\"elementor-widget-container\">\n\t\t\t\t\t\t\t<div class=\"elementor-divider\">\n\t\t\t<span class=\"elementor-divider-separator\">\n\t\t\t\t\t\t<\/span>\n\t\t<\/div>\n\t\t\t\t\t\t<\/div>\n\t\t\t\t<\/div>\n\t\t\t\t\t<\/div>\n\t\t\t\t<\/div>\n\t\t\t\t<\/div>","protected":false},"excerpt":{"rendered":"<p>PARTNERS GUIDELINES AND RAPID COMMUNICATIONS ON TB Use of targeted next-generation sequencing to detect drug resistant tuberculosis _ WHO rapid communication (July 2023) _ WHO Target product profiles for tests for tuberculosis treatment monitoring and optimization _ WHO Target regimen profiles for tuberculosis tratment _ 2023 Update _ WHO Guidance for national strategic planning for [&hellip;]<\/p>\n","protected":false},"author":2,"featured_media":0,"parent":0,"menu_order":0,"comment_status":"closed","ping_status":"closed","template":"","meta":{"give_campaign_id":0,"nf_dc_page":"","om_disable_all_campaigns":false,"inline_featured_image":false,"_monsterinsights_skip_tracking":false,"_monsterinsights_sitenote_active":false,"_monsterinsights_sitenote_note":"","_monsterinsights_sitenote_category":0,"footnotes":""},"class_list":["post-12","page","type-page","status-publish","hentry"],"yoast_head":"<!-- This site is optimized with the Yoast SEO plugin v27.2 - https:\/\/yoast.com\/product\/yoast-seo-wordpress\/ -->\n<title>Documents - WARN\/CARN-TB<\/title>\n<meta name=\"robots\" content=\"index, follow, max-snippet:-1, max-image-preview:large, max-video-preview:-1\" \/>\n<link rel=\"canonical\" href=\"https:\/\/warncarntb.org\/fr\/documents\/\" \/>\n<meta property=\"og:locale\" content=\"fr_FR\" \/>\n<meta property=\"og:type\" content=\"article\" \/>\n<meta property=\"og:title\" content=\"Documents - WARN\/CARN-TB\" \/>\n<meta property=\"og:description\" content=\"PARTNERS GUIDELINES AND RAPID COMMUNICATIONS ON TB Use of targeted next-generation sequencing to detect drug resistant tuberculosis _ WHO rapid communication (July 2023) _ WHO Target product profiles for tests for tuberculosis treatment monitoring and optimization _ WHO Target regimen profiles for tuberculosis tratment _ 2023 Update _ WHO Guidance for national strategic planning for [&hellip;]\" \/>\n<meta property=\"og:url\" content=\"https:\/\/warncarntb.org\/fr\/documents\/\" \/>\n<meta property=\"og:site_name\" content=\"WARN\/CARN-TB\" \/>\n<meta property=\"article:publisher\" content=\"https:\/\/web.facebook.com\/warncarntb\" \/>\n<meta property=\"article:modified_time\" content=\"2023-12-07T18:01:56+00:00\" \/>\n<meta name=\"twitter:card\" content=\"summary_large_image\" \/>\n<meta name=\"twitter:site\" content=\"@WarnCarnTB\" \/>\n<meta name=\"twitter:label1\" content=\"Dur\u00e9e de lecture estim\u00e9e\" \/>\n\t<meta name=\"twitter:data1\" content=\"1 minute\" \/>\n<script type=\"application\/ld+json\" class=\"yoast-schema-graph\">{\"@context\":\"https:\/\/schema.org\",\"@graph\":[{\"@type\":\"WebPage\",\"@id\":\"https:\/\/warncarntb.org\/documents\/\",\"url\":\"https:\/\/warncarntb.org\/documents\/\",\"name\":\"Documents - WARN\/CARN-TB\",\"isPartOf\":{\"@id\":\"http:\/\/box5403.temp.domains\/~warncarn\/#website\"},\"datePublished\":\"2023-09-17T22:26:20+00:00\",\"dateModified\":\"2023-12-07T18:01:56+00:00\",\"breadcrumb\":{\"@id\":\"https:\/\/warncarntb.org\/documents\/#breadcrumb\"},\"inLanguage\":\"fr-FR\",\"potentialAction\":[{\"@type\":\"ReadAction\",\"target\":[\"https:\/\/warncarntb.org\/documents\/\"]}]},{\"@type\":\"BreadcrumbList\",\"@id\":\"https:\/\/warncarntb.org\/documents\/#breadcrumb\",\"itemListElement\":[{\"@type\":\"ListItem\",\"position\":1,\"name\":\"Home\",\"item\":\"https:\/\/warncarntb.org\/\"},{\"@type\":\"ListItem\",\"position\":2,\"name\":\"Documents\"}]},{\"@type\":\"WebSite\",\"@id\":\"http:\/\/box5403.temp.domains\/~warncarn\/#website\",\"url\":\"http:\/\/box5403.temp.domains\/~warncarn\/\",\"name\":\"WARN\/CARN-TB\",\"description\":\"West and Central African Regional Network for TB control\",\"publisher\":{\"@id\":\"http:\/\/box5403.temp.domains\/~warncarn\/#organization\"},\"potentialAction\":[{\"@type\":\"SearchAction\",\"target\":{\"@type\":\"EntryPoint\",\"urlTemplate\":\"http:\/\/box5403.temp.domains\/~warncarn\/?s={search_term_string}\"},\"query-input\":{\"@type\":\"PropertyValueSpecification\",\"valueRequired\":true,\"valueName\":\"search_term_string\"}}],\"inLanguage\":\"fr-FR\"},{\"@type\":\"Organization\",\"@id\":\"http:\/\/box5403.temp.domains\/~warncarn\/#organization\",\"name\":\"WARN\/CARN-TB\",\"url\":\"http:\/\/box5403.temp.domains\/~warncarn\/\",\"logo\":{\"@type\":\"ImageObject\",\"inLanguage\":\"fr-FR\",\"@id\":\"http:\/\/box5403.temp.domains\/~warncarn\/#\/schema\/logo\/image\/\",\"url\":\"https:\/\/warncarntb.org\/wp-content\/uploads\/2023\/10\/Untitled-design-3.svg\",\"contentUrl\":\"https:\/\/warncarntb.org\/wp-content\/uploads\/2023\/10\/Untitled-design-3.svg\",\"width\":500,\"height\":500,\"caption\":\"WARN\/CARN-TB\"},\"image\":{\"@id\":\"http:\/\/box5403.temp.domains\/~warncarn\/#\/schema\/logo\/image\/\"},\"sameAs\":[\"https:\/\/web.facebook.com\/warncarntb\",\"https:\/\/x.com\/WarnCarnTB\"]}]}<\/script>\n<!-- \/ Yoast SEO plugin. -->","yoast_head_json":{"title":"Documents - WARN\/CARN-TB","robots":{"index":"index","follow":"follow","max-snippet":"max-snippet:-1","max-image-preview":"max-image-preview:large","max-video-preview":"max-video-preview:-1"},"canonical":"https:\/\/warncarntb.org\/fr\/documents\/","og_locale":"fr_FR","og_type":"article","og_title":"Documents - WARN\/CARN-TB","og_description":"PARTNERS GUIDELINES AND RAPID COMMUNICATIONS ON TB Use of targeted next-generation sequencing to detect drug resistant tuberculosis _ WHO rapid communication (July 2023) _ WHO Target product profiles for tests for tuberculosis treatment monitoring and optimization _ WHO Target regimen profiles for tuberculosis tratment _ 2023 Update _ WHO Guidance for national strategic planning for [&hellip;]","og_url":"https:\/\/warncarntb.org\/fr\/documents\/","og_site_name":"WARN\/CARN-TB","article_publisher":"https:\/\/web.facebook.com\/warncarntb","article_modified_time":"2023-12-07T18:01:56+00:00","twitter_card":"summary_large_image","twitter_site":"@WarnCarnTB","twitter_misc":{"Dur\u00e9e de lecture estim\u00e9e":"1 minute"},"schema":{"@context":"https:\/\/schema.org","@graph":[{"@type":"WebPage","@id":"https:\/\/warncarntb.org\/documents\/","url":"https:\/\/warncarntb.org\/documents\/","name":"Documents - WARN\/CARN-TB","isPartOf":{"@id":"http:\/\/box5403.temp.domains\/~warncarn\/#website"},"datePublished":"2023-09-17T22:26:20+00:00","dateModified":"2023-12-07T18:01:56+00:00","breadcrumb":{"@id":"https:\/\/warncarntb.org\/documents\/#breadcrumb"},"inLanguage":"fr-FR","potentialAction":[{"@type":"ReadAction","target":["https:\/\/warncarntb.org\/documents\/"]}]},{"@type":"BreadcrumbList","@id":"https:\/\/warncarntb.org\/documents\/#breadcrumb","itemListElement":[{"@type":"ListItem","position":1,"name":"Home","item":"https:\/\/warncarntb.org\/"},{"@type":"ListItem","position":2,"name":"Documents"}]},{"@type":"WebSite","@id":"http:\/\/box5403.temp.domains\/~warncarn\/#website","url":"http:\/\/box5403.temp.domains\/~warncarn\/","name":"WARN\/CARN-TB","description":"West and Central African Regional Network for TB control","publisher":{"@id":"http:\/\/box5403.temp.domains\/~warncarn\/#organization"},"potentialAction":[{"@type":"SearchAction","target":{"@type":"EntryPoint","urlTemplate":"http:\/\/box5403.temp.domains\/~warncarn\/?s={search_term_string}"},"query-input":{"@type":"PropertyValueSpecification","valueRequired":true,"valueName":"search_term_string"}}],"inLanguage":"fr-FR"},{"@type":"Organization","@id":"http:\/\/box5403.temp.domains\/~warncarn\/#organization","name":"WARN\/CARN-TB","url":"http:\/\/box5403.temp.domains\/~warncarn\/","logo":{"@type":"ImageObject","inLanguage":"fr-FR","@id":"http:\/\/box5403.temp.domains\/~warncarn\/#\/schema\/logo\/image\/","url":"https:\/\/warncarntb.org\/wp-content\/uploads\/2023\/10\/Untitled-design-3.svg","contentUrl":"https:\/\/warncarntb.org\/wp-content\/uploads\/2023\/10\/Untitled-design-3.svg","width":500,"height":500,"caption":"WARN\/CARN-TB"},"image":{"@id":"http:\/\/box5403.temp.domains\/~warncarn\/#\/schema\/logo\/image\/"},"sameAs":["https:\/\/web.facebook.com\/warncarntb","https:\/\/x.com\/WarnCarnTB"]}]}},"campaignId":"","jetpack_sharing_enabled":true,"_links":{"self":[{"href":"https:\/\/warncarntb.org\/fr\/wp-json\/wp\/v2\/pages\/12","targetHints":{"allow":["GET"]}}],"collection":[{"href":"https:\/\/warncarntb.org\/fr\/wp-json\/wp\/v2\/pages"}],"about":[{"href":"https:\/\/warncarntb.org\/fr\/wp-json\/wp\/v2\/types\/page"}],"author":[{"embeddable":true,"href":"https:\/\/warncarntb.org\/fr\/wp-json\/wp\/v2\/users\/2"}],"replies":[{"embeddable":true,"href":"https:\/\/warncarntb.org\/fr\/wp-json\/wp\/v2\/comments?post=12"}],"version-history":[{"count":5,"href":"https:\/\/warncarntb.org\/fr\/wp-json\/wp\/v2\/pages\/12\/revisions"}],"predecessor-version":[{"id":860,"href":"https:\/\/warncarntb.org\/fr\/wp-json\/wp\/v2\/pages\/12\/revisions\/860"}],"wp:attachment":[{"href":"https:\/\/warncarntb.org\/fr\/wp-json\/wp\/v2\/media?parent=12"}],"curies":[{"name":"wp","href":"https:\/\/api.w.org\/{rel}","templated":true}]}}