{"id":1261,"date":"2024-10-09T14:13:07","date_gmt":"2024-10-09T14:13:07","guid":{"rendered":"https:\/\/warncarntb.org\/?page_id=1261"},"modified":"2025-02-08T23:43:47","modified_gmt":"2025-02-08T23:43:47","slug":"social-protection","status":"publish","type":"page","link":"https:\/\/warncarntb.org\/fr\/social-protection\/","title":{"rendered":"Protection Sociale"},"content":{"rendered":"<div data-elementor-type=\"wp-page\" data-elementor-id=\"1261\" class=\"elementor elementor-1261\" data-elementor-post-type=\"page\">\n\t\t\t\t<div data-particle_enable=\"false\" data-particle-mobile-disabled=\"false\" class=\"elementor-element elementor-element-898d95d e-flex e-con-boxed e-con e-parent\" data-id=\"898d95d\" data-element_type=\"container\" data-e-type=\"container\" data-settings=\"{&quot;background_background&quot;:&quot;classic&quot;}\">\n\t\t\t\t\t<div class=\"e-con-inner\">\n\t\t\t\t<div class=\"elementor-element elementor-element-bbaa55d elementor-widget elementor-widget-heading\" data-id=\"bbaa55d\" data-element_type=\"widget\" data-e-type=\"widget\" data-widget_type=\"heading.default\">\n\t\t\t\t<div class=\"elementor-widget-container\">\n\t\t\t\t\t<h3 class=\"elementor-heading-title elementor-size-default\">Social Protection for TB patients<\/h3>\t\t\t\t<\/div>\n\t\t\t\t<\/div>\n\t\t\t\t\t<\/div>\n\t\t\t\t<\/div>\n\t\t<div data-particle_enable=\"false\" data-particle-mobile-disabled=\"false\" class=\"elementor-element elementor-element-5a3e5773 e-flex e-con-boxed e-con e-parent\" data-id=\"5a3e5773\" data-element_type=\"container\" data-e-type=\"container\">\n\t\t\t\t\t<div class=\"e-con-inner\">\n\t\t\t\t<div class=\"elementor-element elementor-element-f5e0f24 elementor-widget elementor-widget-spacer\" data-id=\"f5e0f24\" data-element_type=\"widget\" data-e-type=\"widget\" data-widget_type=\"spacer.default\">\n\t\t\t\t<div class=\"elementor-widget-container\">\n\t\t\t\t\t\t\t<div class=\"elementor-spacer\">\n\t\t\t<div class=\"elementor-spacer-inner\"><\/div>\n\t\t<\/div>\n\t\t\t\t\t\t<\/div>\n\t\t\t\t<\/div>\n\t\t\t\t<div class=\"elementor-element elementor-element-372f354 elementor-widget elementor-widget-heading\" data-id=\"372f354\" data-element_type=\"widget\" data-e-type=\"widget\" data-widget_type=\"heading.default\">\n\t\t\t\t<div class=\"elementor-widget-container\">\n\t\t\t\t\t<h2 class=\"elementor-heading-title elementor-size-default\"><h3 class=\"elementor-heading-title elementor-size-default elementor-inline-editing pen\" data-elementor-setting-key=\"title\" data-pen-placeholder=\"Type Here...\" style=\"font-family: Manrope, sans-serif;font-weight: var( --e-global-typography-19e71a6-font-weight );line-height: var( --e-global-typography-19e71a6-line-height );font-size: var( --e-global-typography-19e71a6-font-size );text-transform: none;letter-spacing: var( --e-global-typography-19e71a6-letter-spacing )\">Social Protection for TB patients<\/h3><\/h2>\t\t\t\t<\/div>\n\t\t\t\t<\/div>\n\t\t\t\t<div class=\"elementor-element elementor-element-a1d9cc1 elementor-widget elementor-widget-text-editor\" data-id=\"a1d9cc1\" data-element_type=\"widget\" data-e-type=\"widget\" data-widget_type=\"text-editor.default\">\n\t\t\t\t<div class=\"elementor-widget-container\">\n\t\t\t\t\t\t\t\t\t<p>Le premier pilier de la strat\u00e9gie de l'OMS pour mettre fin \u00e0 la tuberculose (TB) appelle \u00e0 des soins et \u00e0 une pr\u00e9vention de la TB int\u00e9gr\u00e9s et centr\u00e9s sur le patient. L'objectif de cette recommandation est d'encourager les personnes impliqu\u00e9es dans la lutte contre la tuberculose \u00e0 \u00e9tendre leurs efforts au-del\u00e0 de la maladie elle-m\u00eame et \u00e0 prendre en charge le patient tuberculeux dans son ensemble. En d'autres termes, il s'agit d'adopter une approche holistique qui va au-del\u00e0 du traitement m\u00e9dicamenteux, en prenant \u00e9galement en consid\u00e9ration les diff\u00e9rents d\u00e9terminants qui sous-tendent la maladie. Dans cet esprit, les mesures de protection sociale jouent un r\u00f4le important dans la lutte contre la tuberculose car, par le biais de mesures sensibles et sp\u00e9cifiques \u00e0 la tuberculose, elles contribuent \u00e0 r\u00e9duire la pauvret\u00e9, la malnutrition et d'autres obstacles rencontr\u00e9s par les patients tuberculeux dans le cadre de leur prise en charge. Afin de redynamiser cette composante en Afrique de l'Ouest et du Centre, l'OMS\/TDR apporte un appui technique et financier \u00e0 la mise en \u0153uvre d'\u00e9tudes de recherche op\u00e9rationnelle sur les diff\u00e9rentes mesures de protection sociale des patients tuberculeux dans les diff\u00e9rents Programmes Nationaux de Lutte contre la Tuberculose (PNT) de la r\u00e9gion.<\/p><p>Find summaries of these studies below.<\/p>\t\t\t\t\t\t\t\t<\/div>\n\t\t\t\t<\/div>\n\t\t\t\t<div class=\"elementor-element elementor-element-affb919 elementor-widget elementor-widget-spacer\" data-id=\"affb919\" data-element_type=\"widget\" data-e-type=\"widget\" data-widget_type=\"spacer.default\">\n\t\t\t\t<div class=\"elementor-widget-container\">\n\t\t\t\t\t\t\t<div class=\"elementor-spacer\">\n\t\t\t<div class=\"elementor-spacer-inner\"><\/div>\n\t\t<\/div>\n\t\t\t\t\t\t<\/div>\n\t\t\t\t<\/div>\n\t\t\t\t\t<\/div>\n\t\t\t\t<\/div>\n\t\t<div data-particle_enable=\"false\" data-particle-mobile-disabled=\"false\" class=\"elementor-element elementor-element-38ea940 e-flex e-con-boxed e-con e-parent\" data-id=\"38ea940\" data-element_type=\"container\" data-e-type=\"container\">\n\t\t\t\t\t<div class=\"e-con-inner\">\n\t\t\t\t<div class=\"elementor-element elementor-element-230452c elementor-posts--thumbnail-none elementor-grid-4 elementor-grid-tablet-2 elementor-grid-mobile-1 elementor-widget elementor-widget-posts\" data-id=\"230452c\" data-element_type=\"widget\" data-e-type=\"widget\" data-settings=\"{&quot;classic_columns&quot;:&quot;4&quot;,&quot;classic_columns_tablet&quot;:&quot;2&quot;,&quot;classic_columns_mobile&quot;:&quot;1&quot;,&quot;classic_row_gap&quot;:{&quot;unit&quot;:&quot;px&quot;,&quot;size&quot;:35,&quot;sizes&quot;:[]},&quot;classic_row_gap_laptop&quot;:{&quot;unit&quot;:&quot;px&quot;,&quot;size&quot;:&quot;&quot;,&quot;sizes&quot;:[]},&quot;classic_row_gap_tablet_extra&quot;:{&quot;unit&quot;:&quot;px&quot;,&quot;size&quot;:&quot;&quot;,&quot;sizes&quot;:[]},&quot;classic_row_gap_tablet&quot;:{&quot;unit&quot;:&quot;px&quot;,&quot;size&quot;:&quot;&quot;,&quot;sizes&quot;:[]},&quot;classic_row_gap_mobile_extra&quot;:{&quot;unit&quot;:&quot;px&quot;,&quot;size&quot;:&quot;&quot;,&quot;sizes&quot;:[]},&quot;classic_row_gap_mobile&quot;:{&quot;unit&quot;:&quot;px&quot;,&quot;size&quot;:&quot;&quot;,&quot;sizes&quot;:[]}}\" data-widget_type=\"posts.classic\">\n\t\t\t\t<div class=\"elementor-widget-container\">\n\t\t\t\t\t\t\t<div class=\"elementor-posts-container elementor-posts elementor-posts--skin-classic elementor-grid\">\n\t\t\t\t<article class=\"elementor-post elementor-grid-item post-1399 post type-post status-publish format-standard has-post-thumbnail hentry category-social-protection tag-central-africa tag-endtb tag-tb tag-tuberculosis tag-warn-carn-tb tag-who-tdr\">\n\t\t\t\t<div class=\"elementor-post__text\">\n\t\t\t\t<h3 class=\"elementor-post__title\">\n\t\t\t<a href=\"https:\/\/warncarntb.org\/fr\/nigeria-impact-of-food-provision-on-the-treatment-outcomes-of-tuberculosis-patients-in-nigeria-a-mixed-methods-study\/\" >\n\t\t\t\tNigeria : Impact de l'appui nutritionnel sur les r\u00e9sultats du traitement des patients atteints de tuberculose au Nigeria : Une approche mixte\t\t\t<\/a>\n\t\t<\/h3>\n\t\t\t\t<div class=\"elementor-post__excerpt\">\n\t\t\t<p>General objectives : The aim of this study is to evaluate the impact, acceptability, and feasibility of food provision to patients with TB under programme conditions. Specific objectives : \u00b7 \u00a0To assess the impact of food provision to TB patients<\/p>\n\t\t<\/div>\n\t\t\n\t\t<a class=\"elementor-post__read-more\" href=\"https:\/\/warncarntb.org\/fr\/nigeria-impact-of-food-provision-on-the-treatment-outcomes-of-tuberculosis-patients-in-nigeria-a-mixed-methods-study\/\" aria-label=\"Read more about Nigeria : Impact of food provision on the treatment outcomes of tuberculosis patients in Nigeria: A mixed-methods study\" tabindex=\"-1\" >\n\t\t\tRead More \u00bb\t\t<\/a>\n\n\t\t\t\t<\/div>\n\t\t\t\t<\/article>\n\t\t\t\t<article class=\"elementor-post elementor-grid-item post-1391 post type-post status-publish format-standard has-post-thumbnail hentry category-social-protection tag-central-africa tag-endtb tag-tb tag-tuberculosis tag-warn-carn-tb tag-west-africa tag-who-tdr\">\n\t\t\t\t<div class=\"elementor-post__text\">\n\t\t\t\t<h3 class=\"elementor-post__title\">\n\t\t\t<a href=\"https:\/\/warncarntb.org\/fr\/guinea-social-support-for-tuberculosis-patients-inventory-and-analysis-of-the-impact-of-family-solidarity-on-the-quality-of-life-of-households-of-tuberculosis-patients-under-treatment-in-conakry\/\" >\n\t\t\t\tGUINEE : Soutien social aux malades tuberculeux : \u00e9tat des lieux et analyse de l'impact de la solidarit\u00e9 familiale sur la qualit\u00e9 de vie des m\u00e9nages de malades tuberculeux sous traitement \u00e0 Conakry\t\t\t<\/a>\n\t\t<\/h3>\n\t\t\t\t<div class=\"elementor-post__excerpt\">\n\t\t\t<p>General objective:&nbsp; Evaluate the impact of social support on the quality of life of households of tuberculosis patients. Specific objectives:&nbsp; Document the support provided to TB patients on treatment in CDTs. Describe family support for TB treatment households. Analyze structural<\/p>\n\t\t<\/div>\n\t\t\n\t\t<a class=\"elementor-post__read-more\" href=\"https:\/\/warncarntb.org\/fr\/guinea-social-support-for-tuberculosis-patients-inventory-and-analysis-of-the-impact-of-family-solidarity-on-the-quality-of-life-of-households-of-tuberculosis-patients-under-treatment-in-conakry\/\" aria-label=\"Read more about GUINEA : Social support for tuberculosis patients: inventory and analysis of the impact of family solidarity on the quality of life of households of tuberculosis patients under treatment in Conakry.\" tabindex=\"-1\" >\n\t\t\tRead More \u00bb\t\t<\/a>\n\n\t\t\t\t<\/div>\n\t\t\t\t<\/article>\n\t\t\t\t<article class=\"elementor-post elementor-grid-item post-1376 post type-post status-publish format-standard has-post-thumbnail hentry category-social-protection tag-central-africa tag-endtb tag-tb tag-tuberculosis tag-warn-carn-tb tag-west-africa tag-who-tdr\">\n\t\t\t\t<div class=\"elementor-post__text\">\n\t\t\t\t<h3 class=\"elementor-post__title\">\n\t\t\t<a href=\"https:\/\/warncarntb.org\/fr\/implementation-of-a-social-protection-model-based-on-extra-medical-support-for-tuberculosis-patients-with-a-view-to-strengthening-adherence-to-treatment-and-improving-favorable-treatment-outcomes-in\/\" >\n\t\t\t\tBURUNDI : Mise en place d\u2019un mod\u00e8le de protection sociale bas\u00e9 sur des soutiens extra-m\u00e9dicaux chez les patients atteints de tuberculose en vue de renforcer l\u2019adh\u00e9sion au traitement et l\u2019am\u00e9lioration des r\u00e9sultats favorables au traitement dans 2 CDT de la ville de Bujumbura (CDT Service Yezu Mwiza et Ngagara).\t\t\t<\/a>\n\t\t<\/h3>\n\t\t\t\t<div class=\"elementor-post__excerpt\">\n\t\t\t<p>General objective:\u00a0 Contribute to improving the favorable results of anti-tuberculosis treatment among patients followed up in 2 CDTs in the city of Bujumbura (CDT Service Yezu Mwiza and Ngagara) by granting extra-medical aid as part of a biomedical and social<\/p>\n\t\t<\/div>\n\t\t\n\t\t<a class=\"elementor-post__read-more\" href=\"https:\/\/warncarntb.org\/fr\/implementation-of-a-social-protection-model-based-on-extra-medical-support-for-tuberculosis-patients-with-a-view-to-strengthening-adherence-to-treatment-and-improving-favorable-treatment-outcomes-in\/\" aria-label=\"Read more about BURUNDI : Implementation of a social protection model based on extra-medical support for tuberculosis patients, with a view to strengthening adherence to treatment and improving favorable treatment outcomes in 2 CDTs in the city of Bujumbura (CDT Service Yezu Mwiza and Ngagara).\" tabindex=\"-1\" >\n\t\t\tRead More \u00bb\t\t<\/a>\n\n\t\t\t\t<\/div>\n\t\t\t\t<\/article>\n\t\t\t\t<article class=\"elementor-post elementor-grid-item post-1285 post type-post status-publish format-standard has-post-thumbnail hentry category-social-protection tag-central-africa tag-endtb tag-social-protection tag-tb tag-tuberculosis tag-warn-carn-tb tag-west-africa tag-who-tdr\">\n\t\t\t\t<div class=\"elementor-post__text\">\n\t\t\t\t<h3 class=\"elementor-post__title\">\n\t\t\t<a href=\"https:\/\/warncarntb.org\/fr\/burkina-faso-evaluation-of-a-support-strategy-for-patients-with-drug-resistant-tuberculosis\/\" >\n\t\t\t\tBURKINA FASO :Evaluation de la strat\u00e9gie de soutien aux patients atteints de tuberculose r\u00e9sistante\t\t\t<\/a>\n\t\t<\/h3>\n\t\t\t\t<div class=\"elementor-post__excerpt\">\n\t\t\t<p>General objective&nbsp;: Evaluate support strategy for MDR-TB patients. Specific objectives&nbsp;: &nbsp;Method&nbsp;: The support for TB patients implemented in the country includes food (partnership between NTP and shopkeepers), travel expenses (mobile transfer by NTP) and hygiene kits (distribution by NTP). A<\/p>\n\t\t<\/div>\n\t\t\n\t\t<a class=\"elementor-post__read-more\" href=\"https:\/\/warncarntb.org\/fr\/burkina-faso-evaluation-of-a-support-strategy-for-patients-with-drug-resistant-tuberculosis\/\" aria-label=\"Read more about BURKINA FASO : Evaluation of a support strategy for patients with drug-resistant tuberculosis\" tabindex=\"-1\" >\n\t\t\tRead More \u00bb\t\t<\/a>\n\n\t\t\t\t<\/div>\n\t\t\t\t<\/article>\n\t\t\t\t<article class=\"elementor-post elementor-grid-item post-1272 post type-post status-publish format-standard has-post-thumbnail hentry category-social-protection tag-central-africa tag-endtb tag-social-protection tag-tb tag-warn-carn-tb tag-west-africa\">\n\t\t\t\t<div class=\"elementor-post__text\">\n\t\t\t\t<h3 class=\"elementor-post__title\">\n\t\t\t<a href=\"https:\/\/warncarntb.org\/fr\/benin-testing-an-improved-extra-medical-management-of-tuberculosis-patients\/\" >\n\t\t\t\tBENIN : Exp\u00e9rimentation d'une prise en charge extra-m\u00e9dicale am\u00e9lior\u00e9e des patients atteints de tuberculose\t\t\t<\/a>\n\t\t<\/h3>\n\t\t\t\t<div class=\"elementor-post__excerpt\">\n\t\t\t<p>General objective\u00a0:Evaluate the effectiveness of the social protection program for TB patients treated at CNHU-PPC in 2024. Specific objectives\u00a0: Describe the effectiveness of a social protection program on the psychological and nutritional status of TB patients; Describe the effectiveness of<\/p>\n\t\t<\/div>\n\t\t\n\t\t<a class=\"elementor-post__read-more\" href=\"https:\/\/warncarntb.org\/fr\/benin-testing-an-improved-extra-medical-management-of-tuberculosis-patients\/\" aria-label=\"Read more about BENIN :\u00a0Testing an improved Extra-Medical Management of Tuberculosis Patients\" tabindex=\"-1\" >\n\t\t\tRead More \u00bb\t\t<\/a>\n\n\t\t\t\t<\/div>\n\t\t\t\t<\/article>\n\t\t\t\t<\/div>\n\t\t\n\t\t\t\t\t\t<\/div>\n\t\t\t\t<\/div>\n\t\t\t\t\t<\/div>\n\t\t\t\t<\/div>\n\t\t\t\t<\/div>","protected":false},"excerpt":{"rendered":"<p>Social Protection for TB patients Social Protection for TB patients The first pillar of the WHO strategy to end tuberculosis (TB) calls for integrated, patient-centered TB care and prevention. The aim of this recommendation is to encourage those involved in the fight against TB to extend their efforts beyond the disease itself, and to take [&hellip;]<\/p>\n","protected":false},"author":2,"featured_media":1262,"parent":0,"menu_order":0,"comment_status":"closed","ping_status":"closed","template":"","meta":{"give_campaign_id":0,"nf_dc_page":"","om_disable_all_campaigns":false,"inline_featured_image":false,"_monsterinsights_skip_tracking":false,"_monsterinsights_sitenote_active":false,"_monsterinsights_sitenote_note":"","_monsterinsights_sitenote_category":0,"footnotes":""},"class_list":["post-1261","page","type-page","status-publish","has-post-thumbnail","hentry"],"yoast_head":"<!-- This site is optimized with the Yoast SEO plugin v27.2 - https:\/\/yoast.com\/product\/yoast-seo-wordpress\/ -->\n<title>Social Protection - WARN\/CARN-TB<\/title>\n<meta name=\"robots\" content=\"index, follow, max-snippet:-1, max-image-preview:large, max-video-preview:-1\" \/>\n<link rel=\"canonical\" href=\"https:\/\/warncarntb.org\/fr\/social-protection\/\" \/>\n<meta property=\"og:locale\" content=\"fr_FR\" \/>\n<meta property=\"og:type\" content=\"article\" \/>\n<meta property=\"og:title\" content=\"Social Protection - WARN\/CARN-TB\" \/>\n<meta property=\"og:description\" content=\"Social Protection for TB patients Social Protection for TB patients The first pillar of the WHO strategy to end tuberculosis (TB) calls for integrated, patient-centered TB care and prevention. The aim of this recommendation is to encourage those involved in the fight against TB to extend their efforts beyond the disease itself, and to take [&hellip;]\" \/>\n<meta property=\"og:url\" content=\"https:\/\/warncarntb.org\/fr\/social-protection\/\" \/>\n<meta property=\"og:site_name\" content=\"WARN\/CARN-TB\" \/>\n<meta property=\"article:publisher\" content=\"https:\/\/web.facebook.com\/warncarntb\" \/>\n<meta property=\"article:modified_time\" content=\"2025-02-08T23:43:47+00:00\" \/>\n<meta property=\"og:image\" content=\"https:\/\/warncarntb.org\/wp-content\/uploads\/2024\/10\/peaceful-kids-group-and-protester-unity-in-a-fist-of-diverse-people-connected-together.jpg\" \/>\n\t<meta property=\"og:image:width\" content=\"2000\" \/>\n\t<meta property=\"og:image:height\" content=\"1333\" \/>\n\t<meta property=\"og:image:type\" content=\"image\/jpeg\" \/>\n<meta name=\"twitter:card\" content=\"summary_large_image\" \/>\n<meta name=\"twitter:site\" content=\"@WarnCarnTB\" \/>\n<meta name=\"twitter:label1\" content=\"Dur\u00e9e de lecture estim\u00e9e\" \/>\n\t<meta name=\"twitter:data1\" content=\"5 minutes\" \/>\n<script type=\"application\/ld+json\" class=\"yoast-schema-graph\">{\"@context\":\"https:\/\/schema.org\",\"@graph\":[{\"@type\":\"WebPage\",\"@id\":\"https:\/\/warncarntb.org\/social-protection\/\",\"url\":\"https:\/\/warncarntb.org\/social-protection\/\",\"name\":\"Social Protection - WARN\/CARN-TB\",\"isPartOf\":{\"@id\":\"http:\/\/box5403.temp.domains\/~warncarn\/#website\"},\"primaryImageOfPage\":{\"@id\":\"https:\/\/warncarntb.org\/social-protection\/#primaryimage\"},\"image\":{\"@id\":\"https:\/\/warncarntb.org\/social-protection\/#primaryimage\"},\"thumbnailUrl\":\"https:\/\/i0.wp.com\/warncarntb.org\/wp-content\/uploads\/2024\/10\/peaceful-kids-group-and-protester-unity-in-a-fist-of-diverse-people-connected-together.jpg?fit=2000%2C1333&ssl=1\",\"datePublished\":\"2024-10-09T14:13:07+00:00\",\"dateModified\":\"2025-02-08T23:43:47+00:00\",\"breadcrumb\":{\"@id\":\"https:\/\/warncarntb.org\/social-protection\/#breadcrumb\"},\"inLanguage\":\"fr-FR\",\"potentialAction\":[{\"@type\":\"ReadAction\",\"target\":[\"https:\/\/warncarntb.org\/social-protection\/\"]}]},{\"@type\":\"ImageObject\",\"inLanguage\":\"fr-FR\",\"@id\":\"https:\/\/warncarntb.org\/social-protection\/#primaryimage\",\"url\":\"https:\/\/i0.wp.com\/warncarntb.org\/wp-content\/uploads\/2024\/10\/peaceful-kids-group-and-protester-unity-in-a-fist-of-diverse-people-connected-together.jpg?fit=2000%2C1333&ssl=1\",\"contentUrl\":\"https:\/\/i0.wp.com\/warncarntb.org\/wp-content\/uploads\/2024\/10\/peaceful-kids-group-and-protester-unity-in-a-fist-of-diverse-people-connected-together.jpg?fit=2000%2C1333&ssl=1\",\"width\":2000,\"height\":1333,\"caption\":\"Peaceful kids group and protester unity in a fist of diverse people connected together\"},{\"@type\":\"BreadcrumbList\",\"@id\":\"https:\/\/warncarntb.org\/social-protection\/#breadcrumb\",\"itemListElement\":[{\"@type\":\"ListItem\",\"position\":1,\"name\":\"Home\",\"item\":\"https:\/\/warncarntb.org\/\"},{\"@type\":\"ListItem\",\"position\":2,\"name\":\"Social Protection\"}]},{\"@type\":\"WebSite\",\"@id\":\"http:\/\/box5403.temp.domains\/~warncarn\/#website\",\"url\":\"http:\/\/box5403.temp.domains\/~warncarn\/\",\"name\":\"WARN\/CARN-TB\",\"description\":\"West and Central African Regional Network for TB control\",\"publisher\":{\"@id\":\"http:\/\/box5403.temp.domains\/~warncarn\/#organization\"},\"potentialAction\":[{\"@type\":\"SearchAction\",\"target\":{\"@type\":\"EntryPoint\",\"urlTemplate\":\"http:\/\/box5403.temp.domains\/~warncarn\/?s={search_term_string}\"},\"query-input\":{\"@type\":\"PropertyValueSpecification\",\"valueRequired\":true,\"valueName\":\"search_term_string\"}}],\"inLanguage\":\"fr-FR\"},{\"@type\":\"Organization\",\"@id\":\"http:\/\/box5403.temp.domains\/~warncarn\/#organization\",\"name\":\"WARN\/CARN-TB\",\"url\":\"http:\/\/box5403.temp.domains\/~warncarn\/\",\"logo\":{\"@type\":\"ImageObject\",\"inLanguage\":\"fr-FR\",\"@id\":\"http:\/\/box5403.temp.domains\/~warncarn\/#\/schema\/logo\/image\/\",\"url\":\"https:\/\/warncarntb.org\/wp-content\/uploads\/2023\/10\/Untitled-design-3.svg\",\"contentUrl\":\"https:\/\/warncarntb.org\/wp-content\/uploads\/2023\/10\/Untitled-design-3.svg\",\"width\":500,\"height\":500,\"caption\":\"WARN\/CARN-TB\"},\"image\":{\"@id\":\"http:\/\/box5403.temp.domains\/~warncarn\/#\/schema\/logo\/image\/\"},\"sameAs\":[\"https:\/\/web.facebook.com\/warncarntb\",\"https:\/\/x.com\/WarnCarnTB\"]}]}<\/script>\n<!-- \/ Yoast SEO plugin. -->","yoast_head_json":{"title":"Social Protection - WARN\/CARN-TB","robots":{"index":"index","follow":"follow","max-snippet":"max-snippet:-1","max-image-preview":"max-image-preview:large","max-video-preview":"max-video-preview:-1"},"canonical":"https:\/\/warncarntb.org\/fr\/social-protection\/","og_locale":"fr_FR","og_type":"article","og_title":"Social Protection - WARN\/CARN-TB","og_description":"Social Protection for TB patients Social Protection for TB patients The first pillar of the WHO strategy to end tuberculosis (TB) calls for integrated, patient-centered TB care and prevention. The aim of this recommendation is to encourage those involved in the fight against TB to extend their efforts beyond the disease itself, and to take [&hellip;]","og_url":"https:\/\/warncarntb.org\/fr\/social-protection\/","og_site_name":"WARN\/CARN-TB","article_publisher":"https:\/\/web.facebook.com\/warncarntb","article_modified_time":"2025-02-08T23:43:47+00:00","og_image":[{"width":2000,"height":1333,"url":"https:\/\/warncarntb.org\/wp-content\/uploads\/2024\/10\/peaceful-kids-group-and-protester-unity-in-a-fist-of-diverse-people-connected-together.jpg","type":"image\/jpeg"}],"twitter_card":"summary_large_image","twitter_site":"@WarnCarnTB","twitter_misc":{"Dur\u00e9e de lecture estim\u00e9e":"5 minutes"},"schema":{"@context":"https:\/\/schema.org","@graph":[{"@type":"WebPage","@id":"https:\/\/warncarntb.org\/social-protection\/","url":"https:\/\/warncarntb.org\/social-protection\/","name":"Social Protection - WARN\/CARN-TB","isPartOf":{"@id":"http:\/\/box5403.temp.domains\/~warncarn\/#website"},"primaryImageOfPage":{"@id":"https:\/\/warncarntb.org\/social-protection\/#primaryimage"},"image":{"@id":"https:\/\/warncarntb.org\/social-protection\/#primaryimage"},"thumbnailUrl":"https:\/\/i0.wp.com\/warncarntb.org\/wp-content\/uploads\/2024\/10\/peaceful-kids-group-and-protester-unity-in-a-fist-of-diverse-people-connected-together.jpg?fit=2000%2C1333&ssl=1","datePublished":"2024-10-09T14:13:07+00:00","dateModified":"2025-02-08T23:43:47+00:00","breadcrumb":{"@id":"https:\/\/warncarntb.org\/social-protection\/#breadcrumb"},"inLanguage":"fr-FR","potentialAction":[{"@type":"ReadAction","target":["https:\/\/warncarntb.org\/social-protection\/"]}]},{"@type":"ImageObject","inLanguage":"fr-FR","@id":"https:\/\/warncarntb.org\/social-protection\/#primaryimage","url":"https:\/\/i0.wp.com\/warncarntb.org\/wp-content\/uploads\/2024\/10\/peaceful-kids-group-and-protester-unity-in-a-fist-of-diverse-people-connected-together.jpg?fit=2000%2C1333&ssl=1","contentUrl":"https:\/\/i0.wp.com\/warncarntb.org\/wp-content\/uploads\/2024\/10\/peaceful-kids-group-and-protester-unity-in-a-fist-of-diverse-people-connected-together.jpg?fit=2000%2C1333&ssl=1","width":2000,"height":1333,"caption":"Peaceful kids group and protester unity in a fist of diverse people connected together"},{"@type":"BreadcrumbList","@id":"https:\/\/warncarntb.org\/social-protection\/#breadcrumb","itemListElement":[{"@type":"ListItem","position":1,"name":"Home","item":"https:\/\/warncarntb.org\/"},{"@type":"ListItem","position":2,"name":"Social Protection"}]},{"@type":"WebSite","@id":"http:\/\/box5403.temp.domains\/~warncarn\/#website","url":"http:\/\/box5403.temp.domains\/~warncarn\/","name":"WARN\/CARN-TB","description":"West and Central African Regional Network for TB control","publisher":{"@id":"http:\/\/box5403.temp.domains\/~warncarn\/#organization"},"potentialAction":[{"@type":"SearchAction","target":{"@type":"EntryPoint","urlTemplate":"http:\/\/box5403.temp.domains\/~warncarn\/?s={search_term_string}"},"query-input":{"@type":"PropertyValueSpecification","valueRequired":true,"valueName":"search_term_string"}}],"inLanguage":"fr-FR"},{"@type":"Organization","@id":"http:\/\/box5403.temp.domains\/~warncarn\/#organization","name":"WARN\/CARN-TB","url":"http:\/\/box5403.temp.domains\/~warncarn\/","logo":{"@type":"ImageObject","inLanguage":"fr-FR","@id":"http:\/\/box5403.temp.domains\/~warncarn\/#\/schema\/logo\/image\/","url":"https:\/\/warncarntb.org\/wp-content\/uploads\/2023\/10\/Untitled-design-3.svg","contentUrl":"https:\/\/warncarntb.org\/wp-content\/uploads\/2023\/10\/Untitled-design-3.svg","width":500,"height":500,"caption":"WARN\/CARN-TB"},"image":{"@id":"http:\/\/box5403.temp.domains\/~warncarn\/#\/schema\/logo\/image\/"},"sameAs":["https:\/\/web.facebook.com\/warncarntb","https:\/\/x.com\/WarnCarnTB"]}]}},"campaignId":"","jetpack_sharing_enabled":true,"_links":{"self":[{"href":"https:\/\/warncarntb.org\/fr\/wp-json\/wp\/v2\/pages\/1261","targetHints":{"allow":["GET"]}}],"collection":[{"href":"https:\/\/warncarntb.org\/fr\/wp-json\/wp\/v2\/pages"}],"about":[{"href":"https:\/\/warncarntb.org\/fr\/wp-json\/wp\/v2\/types\/page"}],"author":[{"embeddable":true,"href":"https:\/\/warncarntb.org\/fr\/wp-json\/wp\/v2\/users\/2"}],"replies":[{"embeddable":true,"href":"https:\/\/warncarntb.org\/fr\/wp-json\/wp\/v2\/comments?post=1261"}],"version-history":[{"count":20,"href":"https:\/\/warncarntb.org\/fr\/wp-json\/wp\/v2\/pages\/1261\/revisions"}],"predecessor-version":[{"id":1514,"href":"https:\/\/warncarntb.org\/fr\/wp-json\/wp\/v2\/pages\/1261\/revisions\/1514"}],"wp:featuredmedia":[{"embeddable":true,"href":"https:\/\/warncarntb.org\/fr\/wp-json\/wp\/v2\/media\/1262"}],"wp:attachment":[{"href":"https:\/\/warncarntb.org\/fr\/wp-json\/wp\/v2\/media?parent=1261"}],"curies":[{"name":"wp","href":"https:\/\/api.w.org\/{rel}","templated":true}]}}