{"id":1461,"date":"2025-02-07T11:44:35","date_gmt":"2025-02-07T11:44:35","guid":{"rendered":"https:\/\/warncarntb.org\/?page_id=1461"},"modified":"2025-02-08T23:43:42","modified_gmt":"2025-02-08T23:43:42","slug":"digital-tools-for-tb","status":"publish","type":"page","link":"https:\/\/warncarntb.org\/fr\/digital-tools-for-tb\/","title":{"rendered":"Outils digitaux pour la TB"},"content":{"rendered":"<div data-elementor-type=\"wp-page\" data-elementor-id=\"1461\" class=\"elementor elementor-1461\" data-elementor-post-type=\"page\">\n\t\t\t\t<div data-particle_enable=\"false\" data-particle-mobile-disabled=\"false\" class=\"elementor-element elementor-element-961b7ba e-flex e-con-boxed e-con e-parent\" data-id=\"961b7ba\" data-element_type=\"container\" data-e-type=\"container\" data-settings=\"{&quot;background_background&quot;:&quot;classic&quot;}\">\n\t\t\t\t\t<div class=\"e-con-inner\">\n\t\t\t\t<div class=\"elementor-element elementor-element-876bd4d elementor-widget elementor-widget-heading\" data-id=\"876bd4d\" data-element_type=\"widget\" data-e-type=\"widget\" data-widget_type=\"heading.default\">\n\t\t\t\t<div class=\"elementor-widget-container\">\n\t\t\t\t\t<h3 class=\"elementor-heading-title elementor-size-default\">Outils digitaux pour la TB<\/h3>\t\t\t\t<\/div>\n\t\t\t\t<\/div>\n\t\t\t\t\t<\/div>\n\t\t\t\t<\/div>\n\t\t<div data-particle_enable=\"false\" data-particle-mobile-disabled=\"false\" class=\"elementor-element elementor-element-5a3e5773 e-flex e-con-boxed e-con e-parent\" data-id=\"5a3e5773\" data-element_type=\"container\" data-e-type=\"container\">\n\t\t\t\t\t<div class=\"e-con-inner\">\n\t\t\t\t<div class=\"elementor-element elementor-element-218b227 elementor-widget elementor-widget-spacer\" data-id=\"218b227\" data-element_type=\"widget\" data-e-type=\"widget\" data-widget_type=\"spacer.default\">\n\t\t\t\t<div class=\"elementor-widget-container\">\n\t\t\t\t\t\t\t<div class=\"elementor-spacer\">\n\t\t\t<div class=\"elementor-spacer-inner\"><\/div>\n\t\t<\/div>\n\t\t\t\t\t\t<\/div>\n\t\t\t\t<\/div>\n\t\t\t\t<div class=\"elementor-element elementor-element-372f354 elementor-widget elementor-widget-heading\" data-id=\"372f354\" data-element_type=\"widget\" data-e-type=\"widget\" data-widget_type=\"heading.default\">\n\t\t\t\t<div class=\"elementor-widget-container\">\n\t\t\t\t\t<h2 class=\"elementor-heading-title elementor-size-default\"><h3 class=\"elementor-heading-title elementor-size-default elementor-inline-editing pen\" data-elementor-setting-key=\"title\" data-pen-placeholder=\"Type Here...\" style=\"font-family: Manrope, sans-serif;font-weight: var( --e-global-typography-19e71a6-font-weight );line-height: var( --e-global-typography-19e71a6-line-height );font-size: var( --e-global-typography-19e71a6-font-size );text-transform: none;letter-spacing: var( --e-global-typography-19e71a6-letter-spacing )\">Outils digitaux pour la TB<\/h3><\/h2>\t\t\t\t<\/div>\n\t\t\t\t<\/div>\n\t\t\t\t<div class=\"elementor-element elementor-element-a1d9cc1 elementor-widget elementor-widget-text-editor\" data-id=\"a1d9cc1\" data-element_type=\"widget\" data-e-type=\"widget\" data-widget_type=\"text-editor.default\">\n\t\t\t\t<div class=\"elementor-widget-container\">\n\t\t\t\t\t\t\t\t\t<p>Le troisi\u00e8me pilier de la strat\u00e9gie mondiale de l'OMS pour mettre fin \u00e0 la tuberculose encourage les parties prenantes \u00e0 promouvoir la recherche scientifique et l'innovation. Au cours de la derni\u00e8re d\u00e9cennie, diff\u00e9rents outils ont \u00e9t\u00e9 d\u00e9velopp\u00e9s, qui s'appuient tous sur des outils num\u00e9riques pour faciliter la gestion de la tuberculose. Ces innovations ont renforc\u00e9 l'arsenal des acteurs de la lutte contre la tuberculose, leur permettant de faire face aux d\u00e9fis \u00e9mergents. Pour redynamiser cette composante en Afrique de l'Ouest et du Centre, l'OMS\/TDR apporte un appui technique et financier \u00e0 la mise en \u0153uvre d'\u00e9tudes de recherche op\u00e9rationnelle sur les diff\u00e9rentes mesures de protection sociale des patients tuberculeux dans les diff\u00e9rents programmes nationaux de lutte contre la tuberculose (PNT) de la r\u00e9gion.<\/p><p>Des r\u00e9sum\u00e9s de ces \u00e9tudes sont pr\u00e9sent\u00e9s ci-dessous.<\/p>\t\t\t\t\t\t\t\t<\/div>\n\t\t\t\t<\/div>\n\t\t\t\t<div class=\"elementor-element elementor-element-c710559 elementor-widget elementor-widget-spacer\" data-id=\"c710559\" data-element_type=\"widget\" data-e-type=\"widget\" data-widget_type=\"spacer.default\">\n\t\t\t\t<div class=\"elementor-widget-container\">\n\t\t\t\t\t\t\t<div class=\"elementor-spacer\">\n\t\t\t<div class=\"elementor-spacer-inner\"><\/div>\n\t\t<\/div>\n\t\t\t\t\t\t<\/div>\n\t\t\t\t<\/div>\n\t\t\t\t\t<\/div>\n\t\t\t\t<\/div>\n\t\t<div data-particle_enable=\"false\" data-particle-mobile-disabled=\"false\" class=\"elementor-element elementor-element-38ea940 e-flex e-con-boxed e-con e-parent\" data-id=\"38ea940\" data-element_type=\"container\" data-e-type=\"container\">\n\t\t\t\t\t<div class=\"e-con-inner\">\n\t\t\t\t<div class=\"elementor-element elementor-element-230452c elementor-posts--thumbnail-none elementor-grid-4 elementor-grid-tablet-2 elementor-grid-mobile-1 elementor-widget elementor-widget-posts\" data-id=\"230452c\" data-element_type=\"widget\" data-e-type=\"widget\" data-settings=\"{&quot;classic_columns&quot;:&quot;4&quot;,&quot;classic_columns_tablet&quot;:&quot;2&quot;,&quot;classic_columns_mobile&quot;:&quot;1&quot;,&quot;classic_row_gap&quot;:{&quot;unit&quot;:&quot;px&quot;,&quot;size&quot;:35,&quot;sizes&quot;:[]},&quot;classic_row_gap_laptop&quot;:{&quot;unit&quot;:&quot;px&quot;,&quot;size&quot;:&quot;&quot;,&quot;sizes&quot;:[]},&quot;classic_row_gap_tablet_extra&quot;:{&quot;unit&quot;:&quot;px&quot;,&quot;size&quot;:&quot;&quot;,&quot;sizes&quot;:[]},&quot;classic_row_gap_tablet&quot;:{&quot;unit&quot;:&quot;px&quot;,&quot;size&quot;:&quot;&quot;,&quot;sizes&quot;:[]},&quot;classic_row_gap_mobile_extra&quot;:{&quot;unit&quot;:&quot;px&quot;,&quot;size&quot;:&quot;&quot;,&quot;sizes&quot;:[]},&quot;classic_row_gap_mobile&quot;:{&quot;unit&quot;:&quot;px&quot;,&quot;size&quot;:&quot;&quot;,&quot;sizes&quot;:[]}}\" data-widget_type=\"posts.classic\">\n\t\t\t\t<div class=\"elementor-widget-container\">\n\t\t\t\t\t\t\t<div class=\"elementor-posts-container elementor-posts elementor-posts--skin-classic elementor-grid\">\n\t\t\t\t<article class=\"elementor-post elementor-grid-item post-1526 post type-post status-publish format-standard hentry category-digital-tools-to-support-tuberculosis-control category-research tag-central-africa tag-digital-tools tag-tb tag-tuberculosis tag-warn-carn-tb tag-west-africa\">\n\t\t\t\t<div class=\"elementor-post__text\">\n\t\t\t\t<h3 class=\"elementor-post__title\">\n\t\t\t<a href=\"https:\/\/warncarntb.org\/fr\/guinea-calibration-of-cad-software-for-tuberculosis-screening-via-chest-radiography-in-patients-over-15-years-of-age-in-guinea\/\" >\n\t\t\t\tGuin\u00e9e : calibration du logiciel CAD pour le d\u00e9pistage de la tuberculose via la radiographie pulmonaire chez les patients de plus de 15 ans en Guin\u00e9e.\t\t\t<\/a>\n\t\t<\/h3>\n\t\t\t\t<div class=\"elementor-post__excerpt\">\n\t\t\t<p>General objective : Adapting CAD software to Guinea&#8217;s epidemiological and operational context to strengthen tuberculosis screening. Specific objectives : Determine the CAD software anomaly score threshold that maximizes the sensitivity or specificity of tuberculosis screening in Guinea. Compare CAD software<\/p>\n\t\t<\/div>\n\t\t\n\t\t<a class=\"elementor-post__read-more\" href=\"https:\/\/warncarntb.org\/fr\/guinea-calibration-of-cad-software-for-tuberculosis-screening-via-chest-radiography-in-patients-over-15-years-of-age-in-guinea\/\" aria-label=\"Read more about Guinea : calibration of CAD software for tuberculosis screening via chest radiography in patients over 15 years of age in Guinea.\" tabindex=\"-1\" >\n\t\t\tRead More \u00bb\t\t<\/a>\n\n\t\t\t\t<\/div>\n\t\t\t\t<\/article>\n\t\t\t\t<article class=\"elementor-post elementor-grid-item post-1515 post type-post status-publish format-standard hentry category-digital-tools-to-support-tuberculosis-control category-research tag-central-africa tag-digital-tools tag-tuberculosis tag-warn-carn-tb tag-west-africa\">\n\t\t\t\t<div class=\"elementor-post__text\">\n\t\t\t\t<h3 class=\"elementor-post__title\">\n\t\t\t<a href=\"https:\/\/warncarntb.org\/fr\/gambia-transitioning-to-a-case-based-surveillance-system-kap-data-quality-and-concordance-study\/\" >\n\t\t\t\tGambie : transition vers un syst\u00e8me de surveillance bas\u00e9 sur les cas : CAP, qualit\u00e9 des donn\u00e9es et \u00e9tude de concordance.\t\t\t<\/a>\n\t\t<\/h3>\n\t\t\t\t<div class=\"elementor-post__excerpt\">\n\t\t\t<p>General objective : The aim of this study is to assess the prepardness of the TB management system to move to case-based surveillance system. Specific objectives : To assess the knowledge, attitude and practice of TB service providers on the<\/p>\n\t\t<\/div>\n\t\t\n\t\t<a class=\"elementor-post__read-more\" href=\"https:\/\/warncarntb.org\/fr\/gambia-transitioning-to-a-case-based-surveillance-system-kap-data-quality-and-concordance-study\/\" aria-label=\"Read more about Gambia : transitioning to a case-based surveillance system: KAP, data quality, and concordance study.\" tabindex=\"-1\" >\n\t\t\tRead More \u00bb\t\t<\/a>\n\n\t\t\t\t<\/div>\n\t\t\t\t<\/article>\n\t\t\t\t<article class=\"elementor-post elementor-grid-item post-1489 post type-post status-publish format-standard hentry category-digital-tools-to-support-tuberculosis-control category-research tag-digital-tools tag-tb tag-tuberculosis tag-warn-carn-tb tag-west-africa tag-who-gtb tag-who-tdr\">\n\t\t\t\t<div class=\"elementor-post__text\">\n\t\t\t\t<h3 class=\"elementor-post__title\">\n\t\t\t<a href=\"https:\/\/warncarntb.org\/fr\/togo-strategy-for-improving-the-management-of-individual-data-on-tuberculosis-patients-evaluation-of-the-use-of-the-tb-tracker-in-togo\/\" >\n\t\t\t\tTogo : strategie d\u2019amelioration de la gestion des donnees individuelles des patients tuberculeux : evaluation de l\u2019utilisation du tracker tb au togo\t\t\t<\/a>\n\t\t<\/h3>\n\t\t\t\t<div class=\"elementor-post__excerpt\">\n\t\t\t<p>General objective&nbsp; : Evaluate the implementation of E-Tracker TB in terms of quality of data collected, and stakeholder satisfaction in the Grand Lom\u00e9 region of Togo to help develop a strategy for the use of this tool. Specific Objectives :<\/p>\n\t\t<\/div>\n\t\t\n\t\t<a class=\"elementor-post__read-more\" href=\"https:\/\/warncarntb.org\/fr\/togo-strategy-for-improving-the-management-of-individual-data-on-tuberculosis-patients-evaluation-of-the-use-of-the-tb-tracker-in-togo\/\" aria-label=\"Read more about Togo : strategy for improving the management of individual data on tuberculosis patients: evaluation of the use of the tb tracker in Togo\" tabindex=\"-1\" >\n\t\t\tRead More \u00bb\t\t<\/a>\n\n\t\t\t\t<\/div>\n\t\t\t\t<\/article>\n\t\t\t\t<article class=\"elementor-post elementor-grid-item post-1478 post type-post status-publish format-standard hentry category-digital-tools-to-support-tuberculosis-control category-research tag-central-africa tag-digital-tools tag-endtb tag-tb tag-tuberculosis tag-warn-carn-tb tag-who-tdr\">\n\t\t\t\t<div class=\"elementor-post__text\">\n\t\t\t\t<h3 class=\"elementor-post__title\">\n\t\t\t<a href=\"https:\/\/warncarntb.org\/fr\/nigeria-assessing-the-effectiveness-of-the-gxalert-system-in-the-management-of-drug-resistant-tuberculosis-patients-in-nigeria\/\" >\n\t\t\t\tNigeria : Evaluation de l'efficacit\u00e9 du syst\u00e8me GxAlert dans la prise en charge des patients atteints de tuberculose pharmacor\u00e9sistante au Nig\u00e9ria\t\t\t<\/a>\n\t\t<\/h3>\n\t\t\t\t<div class=\"elementor-post__excerpt\">\n\t\t\t<p>General objective : The aim of this study is to evaluate the impact, acceptability, and feasibility of food provision to patients with TB under programme conditions. Specific objectives : To assess the performance of the GxAlert system at present (2021-2022)<\/p>\n\t\t<\/div>\n\t\t\n\t\t<a class=\"elementor-post__read-more\" href=\"https:\/\/warncarntb.org\/fr\/nigeria-assessing-the-effectiveness-of-the-gxalert-system-in-the-management-of-drug-resistant-tuberculosis-patients-in-nigeria\/\" aria-label=\"Read more about Nigeria : Assessing the Effectiveness of The GxAlert System in the Management of Drug-Resistant Tuberculosis Patients in Nigeria\" tabindex=\"-1\" >\n\t\t\tRead More \u00bb\t\t<\/a>\n\n\t\t\t\t<\/div>\n\t\t\t\t<\/article>\n\t\t\t\t<\/div>\n\t\t\n\t\t\t\t\t\t<\/div>\n\t\t\t\t<\/div>\n\t\t\t\t\t<\/div>\n\t\t\t\t<\/div>\n\t\t\t\t<\/div>","protected":false},"excerpt":{"rendered":"<p>Digital tools for TB control Digital tools for TB control The 3rd pillar of the WHO&#8217;s global strategy to end tuberculosis encourages stakeholders to promote scientific research and innovation. Over the last decade, various tools have been developed, all of which rely on digital tools to facilitate tuberculosis management. These innovations have strengthened the arsenal [&hellip;]<\/p>\n","protected":false},"author":2,"featured_media":1462,"parent":0,"menu_order":0,"comment_status":"closed","ping_status":"closed","template":"","meta":{"give_campaign_id":0,"nf_dc_page":"","om_disable_all_campaigns":false,"inline_featured_image":false,"_monsterinsights_skip_tracking":false,"_monsterinsights_sitenote_active":false,"_monsterinsights_sitenote_note":"","_monsterinsights_sitenote_category":0,"footnotes":""},"class_list":["post-1461","page","type-page","status-publish","has-post-thumbnail","hentry"],"yoast_head":"<!-- This site is optimized with the Yoast SEO plugin v27.2 - https:\/\/yoast.com\/product\/yoast-seo-wordpress\/ -->\n<title>Digital tools for TB - WARN\/CARN-TB<\/title>\n<meta name=\"robots\" content=\"index, follow, max-snippet:-1, max-image-preview:large, max-video-preview:-1\" \/>\n<link rel=\"canonical\" href=\"https:\/\/warncarntb.org\/fr\/digital-tools-for-tb\/\" \/>\n<meta property=\"og:locale\" content=\"fr_FR\" \/>\n<meta property=\"og:type\" content=\"article\" \/>\n<meta property=\"og:title\" content=\"Digital tools for TB - WARN\/CARN-TB\" \/>\n<meta property=\"og:description\" content=\"Digital tools for TB control Digital tools for TB control The 3rd pillar of the WHO&#8217;s global strategy to end tuberculosis encourages stakeholders to promote scientific research and innovation. Over the last decade, various tools have been developed, all of which rely on digital tools to facilitate tuberculosis management. These innovations have strengthened the arsenal [&hellip;]\" \/>\n<meta property=\"og:url\" content=\"https:\/\/warncarntb.org\/fr\/digital-tools-for-tb\/\" \/>\n<meta property=\"og:site_name\" content=\"WARN\/CARN-TB\" \/>\n<meta property=\"article:publisher\" content=\"https:\/\/web.facebook.com\/warncarntb\" \/>\n<meta property=\"article:modified_time\" content=\"2025-02-08T23:43:42+00:00\" \/>\n<meta property=\"og:image\" content=\"https:\/\/warncarntb.org\/wp-content\/uploads\/2025\/02\/digital-tools-for-TB.png\" \/>\n\t<meta property=\"og:image:width\" content=\"1152\" \/>\n\t<meta property=\"og:image:height\" content=\"899\" \/>\n\t<meta property=\"og:image:type\" content=\"image\/png\" \/>\n<meta name=\"twitter:card\" content=\"summary_large_image\" \/>\n<meta name=\"twitter:site\" content=\"@WarnCarnTB\" \/>\n<meta name=\"twitter:label1\" content=\"Dur\u00e9e de lecture estim\u00e9e\" \/>\n\t<meta name=\"twitter:data1\" content=\"2 minutes\" \/>\n<script type=\"application\/ld+json\" class=\"yoast-schema-graph\">{\"@context\":\"https:\/\/schema.org\",\"@graph\":[{\"@type\":\"WebPage\",\"@id\":\"https:\/\/warncarntb.org\/digital-tools-for-tb\/\",\"url\":\"https:\/\/warncarntb.org\/digital-tools-for-tb\/\",\"name\":\"Digital tools for TB - WARN\/CARN-TB\",\"isPartOf\":{\"@id\":\"http:\/\/box5403.temp.domains\/~warncarn\/#website\"},\"primaryImageOfPage\":{\"@id\":\"https:\/\/warncarntb.org\/digital-tools-for-tb\/#primaryimage\"},\"image\":{\"@id\":\"https:\/\/warncarntb.org\/digital-tools-for-tb\/#primaryimage\"},\"thumbnailUrl\":\"https:\/\/i0.wp.com\/warncarntb.org\/wp-content\/uploads\/2025\/02\/digital-tools-for-TB.png?fit=1152%2C899&ssl=1\",\"datePublished\":\"2025-02-07T11:44:35+00:00\",\"dateModified\":\"2025-02-08T23:43:42+00:00\",\"breadcrumb\":{\"@id\":\"https:\/\/warncarntb.org\/digital-tools-for-tb\/#breadcrumb\"},\"inLanguage\":\"fr-FR\",\"potentialAction\":[{\"@type\":\"ReadAction\",\"target\":[\"https:\/\/warncarntb.org\/digital-tools-for-tb\/\"]}]},{\"@type\":\"ImageObject\",\"inLanguage\":\"fr-FR\",\"@id\":\"https:\/\/warncarntb.org\/digital-tools-for-tb\/#primaryimage\",\"url\":\"https:\/\/i0.wp.com\/warncarntb.org\/wp-content\/uploads\/2025\/02\/digital-tools-for-TB.png?fit=1152%2C899&ssl=1\",\"contentUrl\":\"https:\/\/i0.wp.com\/warncarntb.org\/wp-content\/uploads\/2025\/02\/digital-tools-for-TB.png?fit=1152%2C899&ssl=1\",\"width\":1152,\"height\":899},{\"@type\":\"BreadcrumbList\",\"@id\":\"https:\/\/warncarntb.org\/digital-tools-for-tb\/#breadcrumb\",\"itemListElement\":[{\"@type\":\"ListItem\",\"position\":1,\"name\":\"Home\",\"item\":\"https:\/\/warncarntb.org\/\"},{\"@type\":\"ListItem\",\"position\":2,\"name\":\"Digital tools for TB\"}]},{\"@type\":\"WebSite\",\"@id\":\"http:\/\/box5403.temp.domains\/~warncarn\/#website\",\"url\":\"http:\/\/box5403.temp.domains\/~warncarn\/\",\"name\":\"WARN\/CARN-TB\",\"description\":\"West and Central African Regional Network for TB control\",\"publisher\":{\"@id\":\"http:\/\/box5403.temp.domains\/~warncarn\/#organization\"},\"potentialAction\":[{\"@type\":\"SearchAction\",\"target\":{\"@type\":\"EntryPoint\",\"urlTemplate\":\"http:\/\/box5403.temp.domains\/~warncarn\/?s={search_term_string}\"},\"query-input\":{\"@type\":\"PropertyValueSpecification\",\"valueRequired\":true,\"valueName\":\"search_term_string\"}}],\"inLanguage\":\"fr-FR\"},{\"@type\":\"Organization\",\"@id\":\"http:\/\/box5403.temp.domains\/~warncarn\/#organization\",\"name\":\"WARN\/CARN-TB\",\"url\":\"http:\/\/box5403.temp.domains\/~warncarn\/\",\"logo\":{\"@type\":\"ImageObject\",\"inLanguage\":\"fr-FR\",\"@id\":\"http:\/\/box5403.temp.domains\/~warncarn\/#\/schema\/logo\/image\/\",\"url\":\"https:\/\/warncarntb.org\/wp-content\/uploads\/2023\/10\/Untitled-design-3.svg\",\"contentUrl\":\"https:\/\/warncarntb.org\/wp-content\/uploads\/2023\/10\/Untitled-design-3.svg\",\"width\":500,\"height\":500,\"caption\":\"WARN\/CARN-TB\"},\"image\":{\"@id\":\"http:\/\/box5403.temp.domains\/~warncarn\/#\/schema\/logo\/image\/\"},\"sameAs\":[\"https:\/\/web.facebook.com\/warncarntb\",\"https:\/\/x.com\/WarnCarnTB\"]}]}<\/script>\n<!-- \/ Yoast SEO plugin. -->","yoast_head_json":{"title":"Digital tools for TB - WARN\/CARN-TB","robots":{"index":"index","follow":"follow","max-snippet":"max-snippet:-1","max-image-preview":"max-image-preview:large","max-video-preview":"max-video-preview:-1"},"canonical":"https:\/\/warncarntb.org\/fr\/digital-tools-for-tb\/","og_locale":"fr_FR","og_type":"article","og_title":"Digital tools for TB - WARN\/CARN-TB","og_description":"Digital tools for TB control Digital tools for TB control The 3rd pillar of the WHO&#8217;s global strategy to end tuberculosis encourages stakeholders to promote scientific research and innovation. Over the last decade, various tools have been developed, all of which rely on digital tools to facilitate tuberculosis management. These innovations have strengthened the arsenal [&hellip;]","og_url":"https:\/\/warncarntb.org\/fr\/digital-tools-for-tb\/","og_site_name":"WARN\/CARN-TB","article_publisher":"https:\/\/web.facebook.com\/warncarntb","article_modified_time":"2025-02-08T23:43:42+00:00","og_image":[{"width":1152,"height":899,"url":"https:\/\/warncarntb.org\/wp-content\/uploads\/2025\/02\/digital-tools-for-TB.png","type":"image\/png"}],"twitter_card":"summary_large_image","twitter_site":"@WarnCarnTB","twitter_misc":{"Dur\u00e9e de lecture estim\u00e9e":"2 minutes"},"schema":{"@context":"https:\/\/schema.org","@graph":[{"@type":"WebPage","@id":"https:\/\/warncarntb.org\/digital-tools-for-tb\/","url":"https:\/\/warncarntb.org\/digital-tools-for-tb\/","name":"Digital tools for TB - WARN\/CARN-TB","isPartOf":{"@id":"http:\/\/box5403.temp.domains\/~warncarn\/#website"},"primaryImageOfPage":{"@id":"https:\/\/warncarntb.org\/digital-tools-for-tb\/#primaryimage"},"image":{"@id":"https:\/\/warncarntb.org\/digital-tools-for-tb\/#primaryimage"},"thumbnailUrl":"https:\/\/i0.wp.com\/warncarntb.org\/wp-content\/uploads\/2025\/02\/digital-tools-for-TB.png?fit=1152%2C899&ssl=1","datePublished":"2025-02-07T11:44:35+00:00","dateModified":"2025-02-08T23:43:42+00:00","breadcrumb":{"@id":"https:\/\/warncarntb.org\/digital-tools-for-tb\/#breadcrumb"},"inLanguage":"fr-FR","potentialAction":[{"@type":"ReadAction","target":["https:\/\/warncarntb.org\/digital-tools-for-tb\/"]}]},{"@type":"ImageObject","inLanguage":"fr-FR","@id":"https:\/\/warncarntb.org\/digital-tools-for-tb\/#primaryimage","url":"https:\/\/i0.wp.com\/warncarntb.org\/wp-content\/uploads\/2025\/02\/digital-tools-for-TB.png?fit=1152%2C899&ssl=1","contentUrl":"https:\/\/i0.wp.com\/warncarntb.org\/wp-content\/uploads\/2025\/02\/digital-tools-for-TB.png?fit=1152%2C899&ssl=1","width":1152,"height":899},{"@type":"BreadcrumbList","@id":"https:\/\/warncarntb.org\/digital-tools-for-tb\/#breadcrumb","itemListElement":[{"@type":"ListItem","position":1,"name":"Home","item":"https:\/\/warncarntb.org\/"},{"@type":"ListItem","position":2,"name":"Digital tools for TB"}]},{"@type":"WebSite","@id":"http:\/\/box5403.temp.domains\/~warncarn\/#website","url":"http:\/\/box5403.temp.domains\/~warncarn\/","name":"WARN\/CARN-TB","description":"West and Central African Regional Network for TB control","publisher":{"@id":"http:\/\/box5403.temp.domains\/~warncarn\/#organization"},"potentialAction":[{"@type":"SearchAction","target":{"@type":"EntryPoint","urlTemplate":"http:\/\/box5403.temp.domains\/~warncarn\/?s={search_term_string}"},"query-input":{"@type":"PropertyValueSpecification","valueRequired":true,"valueName":"search_term_string"}}],"inLanguage":"fr-FR"},{"@type":"Organization","@id":"http:\/\/box5403.temp.domains\/~warncarn\/#organization","name":"WARN\/CARN-TB","url":"http:\/\/box5403.temp.domains\/~warncarn\/","logo":{"@type":"ImageObject","inLanguage":"fr-FR","@id":"http:\/\/box5403.temp.domains\/~warncarn\/#\/schema\/logo\/image\/","url":"https:\/\/warncarntb.org\/wp-content\/uploads\/2023\/10\/Untitled-design-3.svg","contentUrl":"https:\/\/warncarntb.org\/wp-content\/uploads\/2023\/10\/Untitled-design-3.svg","width":500,"height":500,"caption":"WARN\/CARN-TB"},"image":{"@id":"http:\/\/box5403.temp.domains\/~warncarn\/#\/schema\/logo\/image\/"},"sameAs":["https:\/\/web.facebook.com\/warncarntb","https:\/\/x.com\/WarnCarnTB"]}]}},"campaignId":"","jetpack_sharing_enabled":true,"_links":{"self":[{"href":"https:\/\/warncarntb.org\/fr\/wp-json\/wp\/v2\/pages\/1461","targetHints":{"allow":["GET"]}}],"collection":[{"href":"https:\/\/warncarntb.org\/fr\/wp-json\/wp\/v2\/pages"}],"about":[{"href":"https:\/\/warncarntb.org\/fr\/wp-json\/wp\/v2\/types\/page"}],"author":[{"embeddable":true,"href":"https:\/\/warncarntb.org\/fr\/wp-json\/wp\/v2\/users\/2"}],"replies":[{"embeddable":true,"href":"https:\/\/warncarntb.org\/fr\/wp-json\/wp\/v2\/comments?post=1461"}],"version-history":[{"count":20,"href":"https:\/\/warncarntb.org\/fr\/wp-json\/wp\/v2\/pages\/1461\/revisions"}],"predecessor-version":[{"id":1511,"href":"https:\/\/warncarntb.org\/fr\/wp-json\/wp\/v2\/pages\/1461\/revisions\/1511"}],"wp:featuredmedia":[{"embeddable":true,"href":"https:\/\/warncarntb.org\/fr\/wp-json\/wp\/v2\/media\/1462"}],"wp:attachment":[{"href":"https:\/\/warncarntb.org\/fr\/wp-json\/wp\/v2\/media?parent=1461"}],"curies":[{"name":"wp","href":"https:\/\/api.w.org\/{rel}","templated":true}]}}