{"id":1580,"date":"2025-04-21T14:16:24","date_gmt":"2025-04-21T14:16:24","guid":{"rendered":"https:\/\/warncarntb.org\/?page_id=1580"},"modified":"2025-04-21T14:22:19","modified_gmt":"2025-04-21T14:22:19","slug":"drug-resistant-tb","status":"publish","type":"page","link":"https:\/\/warncarntb.org\/fr\/drug-resistant-tb\/","title":{"rendered":"Tuberculose Pharmacor\u00e9sistante"},"content":{"rendered":"<div data-elementor-type=\"wp-page\" data-elementor-id=\"1580\" class=\"elementor elementor-1580\" data-elementor-post-type=\"page\">\n\t\t\t\t<div data-particle_enable=\"false\" data-particle-mobile-disabled=\"false\" class=\"elementor-element elementor-element-961b7ba e-flex e-con-boxed e-con e-parent\" data-id=\"961b7ba\" data-element_type=\"container\" data-e-type=\"container\" data-settings=\"{&quot;background_background&quot;:&quot;classic&quot;}\">\n\t\t\t\t\t<div class=\"e-con-inner\">\n\t\t\t\t<div class=\"elementor-element elementor-element-876bd4d elementor-widget elementor-widget-heading\" data-id=\"876bd4d\" data-element_type=\"widget\" data-e-type=\"widget\" data-widget_type=\"heading.default\">\n\t\t\t\t<div class=\"elementor-widget-container\">\n\t\t\t\t\t<h3 class=\"elementor-heading-title elementor-size-default\">Tuberculose Pharmacor\u00e9sistante<\/h3>\t\t\t\t<\/div>\n\t\t\t\t<\/div>\n\t\t\t\t\t<\/div>\n\t\t\t\t<\/div>\n\t\t<div data-particle_enable=\"false\" data-particle-mobile-disabled=\"false\" class=\"elementor-element elementor-element-5a3e5773 e-flex e-con-boxed e-con e-parent\" data-id=\"5a3e5773\" data-element_type=\"container\" data-e-type=\"container\">\n\t\t\t\t\t<div class=\"e-con-inner\">\n\t\t\t\t<div class=\"elementor-element elementor-element-218b227 elementor-widget elementor-widget-spacer\" data-id=\"218b227\" data-element_type=\"widget\" data-e-type=\"widget\" data-widget_type=\"spacer.default\">\n\t\t\t\t<div class=\"elementor-widget-container\">\n\t\t\t\t\t\t\t<div class=\"elementor-spacer\">\n\t\t\t<div class=\"elementor-spacer-inner\"><\/div>\n\t\t<\/div>\n\t\t\t\t\t\t<\/div>\n\t\t\t\t<\/div>\n\t\t\t\t<div class=\"elementor-element elementor-element-372f354 elementor-widget elementor-widget-heading\" data-id=\"372f354\" data-element_type=\"widget\" data-e-type=\"widget\" data-widget_type=\"heading.default\">\n\t\t\t\t<div class=\"elementor-widget-container\">\n\t\t\t\t\t<h2 class=\"elementor-heading-title elementor-size-default\"><h3 class=\"elementor-heading-title elementor-size-default elementor-inline-editing pen\" data-elementor-setting-key=\"title\" data-pen-placeholder=\"Type Here...\" style=\"font-family: Manrope, sans-serif;font-weight: var( --e-global-typography-19e71a6-font-weight );line-height: var( --e-global-typography-19e71a6-line-height );font-size: var( --e-global-typography-19e71a6-font-size );text-transform: none;letter-spacing: var( --e-global-typography-19e71a6-letter-spacing )\"><span style=\"font-size: var( --e-global-typography-19e71a6-font-size );font-weight: var( --e-global-typography-19e71a6-font-weight );letter-spacing: var( --e-global-typography-19e71a6-letter-spacing )\">Tuberculose Pharmacor\u00e9sistante<\/span><\/h3><\/h2>\t\t\t\t<\/div>\n\t\t\t\t<\/div>\n\t\t\t\t<div class=\"elementor-element elementor-element-a1d9cc1 elementor-widget elementor-widget-text-editor\" data-id=\"a1d9cc1\" data-element_type=\"widget\" data-e-type=\"widget\" data-widget_type=\"text-editor.default\">\n\t\t\t\t<div class=\"elementor-widget-container\">\n\t\t\t\t\t\t\t\t\t<p>La pharmacor\u00e9sistance constitue l\u2019un des d\u00e9fis majeurs de la prise en charge de la tuberculose. Le catalogue d\u2019options th\u00e9rapeutiques pour le traitement de la maladie n\u2019\u00e9tant pas tr\u00e8s vaste, il est primordial de mettre en place des mesures de pr\u00e9vention, de surveillance et gestion de la pharmacor\u00e9sistance, et ce encore plus avec des nouvelles mol\u00e9cules telle que la b\u00e9daquilline.<\/p><p>Vous trouverez sur cette page des r\u00e9sum\u00e9s des \u00e9tudes conduites sur la tuberculose pharmacor\u00e9sistante dans la r\u00e9gion. <\/p>\t\t\t\t\t\t\t\t<\/div>\n\t\t\t\t<\/div>\n\t\t\t\t<div class=\"elementor-element elementor-element-c710559 elementor-widget elementor-widget-spacer\" data-id=\"c710559\" data-element_type=\"widget\" data-e-type=\"widget\" data-widget_type=\"spacer.default\">\n\t\t\t\t<div class=\"elementor-widget-container\">\n\t\t\t\t\t\t\t<div class=\"elementor-spacer\">\n\t\t\t<div class=\"elementor-spacer-inner\"><\/div>\n\t\t<\/div>\n\t\t\t\t\t\t<\/div>\n\t\t\t\t<\/div>\n\t\t\t\t\t<\/div>\n\t\t\t\t<\/div>\n\t\t\t\t<\/div>","protected":false},"excerpt":{"rendered":"<p>Drug Resistant TB Drug Resistant TB Drug resistance is one of the major challenges in the management of tuberculosis. As the catalog of therapeutic options for the treatment of the disease is not very extensive, it is essential to implement measures for the prevention, monitoring and management of drug resistance, even more so with new [&hellip;]<\/p>\n","protected":false},"author":2,"featured_media":1578,"parent":0,"menu_order":0,"comment_status":"closed","ping_status":"closed","template":"","meta":{"give_campaign_id":0,"nf_dc_page":"","om_disable_all_campaigns":false,"inline_featured_image":false,"_monsterinsights_skip_tracking":false,"_monsterinsights_sitenote_active":false,"_monsterinsights_sitenote_note":"","_monsterinsights_sitenote_category":0,"footnotes":""},"class_list":["post-1580","page","type-page","status-publish","has-post-thumbnail","hentry"],"yoast_head":"<!-- This site is optimized with the Yoast SEO plugin v27.2 - https:\/\/yoast.com\/product\/yoast-seo-wordpress\/ -->\n<title>Drug Resistant TB - WARN\/CARN-TB<\/title>\n<meta name=\"robots\" content=\"index, follow, max-snippet:-1, max-image-preview:large, max-video-preview:-1\" \/>\n<link rel=\"canonical\" href=\"https:\/\/warncarntb.org\/fr\/drug-resistant-tb\/\" \/>\n<meta property=\"og:locale\" content=\"fr_FR\" \/>\n<meta property=\"og:type\" content=\"article\" \/>\n<meta property=\"og:title\" content=\"Drug Resistant TB - WARN\/CARN-TB\" \/>\n<meta property=\"og:description\" content=\"Drug Resistant TB Drug Resistant TB Drug resistance is one of the major challenges in the management of tuberculosis. As the catalog of therapeutic options for the treatment of the disease is not very extensive, it is essential to implement measures for the prevention, monitoring and management of drug resistance, even more so with new [&hellip;]\" \/>\n<meta property=\"og:url\" content=\"https:\/\/warncarntb.org\/fr\/drug-resistant-tb\/\" \/>\n<meta property=\"og:site_name\" content=\"WARN\/CARN-TB\" \/>\n<meta property=\"article:publisher\" content=\"https:\/\/web.facebook.com\/warncarntb\" \/>\n<meta property=\"article:modified_time\" content=\"2025-04-21T14:22:19+00:00\" \/>\n<meta property=\"og:image\" content=\"https:\/\/warncarntb.org\/wp-content\/uploads\/2025\/04\/drug-scaled.jpg\" \/>\n\t<meta property=\"og:image:width\" content=\"2560\" \/>\n\t<meta property=\"og:image:height\" content=\"1707\" \/>\n\t<meta property=\"og:image:type\" content=\"image\/jpeg\" \/>\n<meta name=\"twitter:card\" content=\"summary_large_image\" \/>\n<meta name=\"twitter:site\" content=\"@WarnCarnTB\" \/>\n<meta name=\"twitter:label1\" content=\"Dur\u00e9e de lecture estim\u00e9e\" \/>\n\t<meta name=\"twitter:data1\" content=\"1 minute\" \/>\n<script type=\"application\/ld+json\" class=\"yoast-schema-graph\">{\"@context\":\"https:\/\/schema.org\",\"@graph\":[{\"@type\":\"WebPage\",\"@id\":\"https:\/\/warncarntb.org\/drug-resistant-tb\/\",\"url\":\"https:\/\/warncarntb.org\/drug-resistant-tb\/\",\"name\":\"Drug Resistant TB - WARN\/CARN-TB\",\"isPartOf\":{\"@id\":\"http:\/\/box5403.temp.domains\/~warncarn\/#website\"},\"primaryImageOfPage\":{\"@id\":\"https:\/\/warncarntb.org\/drug-resistant-tb\/#primaryimage\"},\"image\":{\"@id\":\"https:\/\/warncarntb.org\/drug-resistant-tb\/#primaryimage\"},\"thumbnailUrl\":\"https:\/\/i0.wp.com\/warncarntb.org\/wp-content\/uploads\/2025\/04\/drug-scaled.jpg?fit=2560%2C1707&ssl=1\",\"datePublished\":\"2025-04-21T14:16:24+00:00\",\"dateModified\":\"2025-04-21T14:22:19+00:00\",\"breadcrumb\":{\"@id\":\"https:\/\/warncarntb.org\/drug-resistant-tb\/#breadcrumb\"},\"inLanguage\":\"fr-FR\",\"potentialAction\":[{\"@type\":\"ReadAction\",\"target\":[\"https:\/\/warncarntb.org\/drug-resistant-tb\/\"]}]},{\"@type\":\"ImageObject\",\"inLanguage\":\"fr-FR\",\"@id\":\"https:\/\/warncarntb.org\/drug-resistant-tb\/#primaryimage\",\"url\":\"https:\/\/i0.wp.com\/warncarntb.org\/wp-content\/uploads\/2025\/04\/drug-scaled.jpg?fit=2560%2C1707&ssl=1\",\"contentUrl\":\"https:\/\/i0.wp.com\/warncarntb.org\/wp-content\/uploads\/2025\/04\/drug-scaled.jpg?fit=2560%2C1707&ssl=1\",\"width\":2560,\"height\":1707},{\"@type\":\"BreadcrumbList\",\"@id\":\"https:\/\/warncarntb.org\/drug-resistant-tb\/#breadcrumb\",\"itemListElement\":[{\"@type\":\"ListItem\",\"position\":1,\"name\":\"Home\",\"item\":\"https:\/\/warncarntb.org\/\"},{\"@type\":\"ListItem\",\"position\":2,\"name\":\"Drug Resistant TB\"}]},{\"@type\":\"WebSite\",\"@id\":\"http:\/\/box5403.temp.domains\/~warncarn\/#website\",\"url\":\"http:\/\/box5403.temp.domains\/~warncarn\/\",\"name\":\"WARN\/CARN-TB\",\"description\":\"West and Central African Regional Network for TB control\",\"publisher\":{\"@id\":\"http:\/\/box5403.temp.domains\/~warncarn\/#organization\"},\"potentialAction\":[{\"@type\":\"SearchAction\",\"target\":{\"@type\":\"EntryPoint\",\"urlTemplate\":\"http:\/\/box5403.temp.domains\/~warncarn\/?s={search_term_string}\"},\"query-input\":{\"@type\":\"PropertyValueSpecification\",\"valueRequired\":true,\"valueName\":\"search_term_string\"}}],\"inLanguage\":\"fr-FR\"},{\"@type\":\"Organization\",\"@id\":\"http:\/\/box5403.temp.domains\/~warncarn\/#organization\",\"name\":\"WARN\/CARN-TB\",\"url\":\"http:\/\/box5403.temp.domains\/~warncarn\/\",\"logo\":{\"@type\":\"ImageObject\",\"inLanguage\":\"fr-FR\",\"@id\":\"http:\/\/box5403.temp.domains\/~warncarn\/#\/schema\/logo\/image\/\",\"url\":\"https:\/\/warncarntb.org\/wp-content\/uploads\/2023\/10\/Untitled-design-3.svg\",\"contentUrl\":\"https:\/\/warncarntb.org\/wp-content\/uploads\/2023\/10\/Untitled-design-3.svg\",\"width\":500,\"height\":500,\"caption\":\"WARN\/CARN-TB\"},\"image\":{\"@id\":\"http:\/\/box5403.temp.domains\/~warncarn\/#\/schema\/logo\/image\/\"},\"sameAs\":[\"https:\/\/web.facebook.com\/warncarntb\",\"https:\/\/x.com\/WarnCarnTB\"]}]}<\/script>\n<!-- \/ Yoast SEO plugin. -->","yoast_head_json":{"title":"Drug Resistant TB - WARN\/CARN-TB","robots":{"index":"index","follow":"follow","max-snippet":"max-snippet:-1","max-image-preview":"max-image-preview:large","max-video-preview":"max-video-preview:-1"},"canonical":"https:\/\/warncarntb.org\/fr\/drug-resistant-tb\/","og_locale":"fr_FR","og_type":"article","og_title":"Drug Resistant TB - WARN\/CARN-TB","og_description":"Drug Resistant TB Drug Resistant TB Drug resistance is one of the major challenges in the management of tuberculosis. As the catalog of therapeutic options for the treatment of the disease is not very extensive, it is essential to implement measures for the prevention, monitoring and management of drug resistance, even more so with new [&hellip;]","og_url":"https:\/\/warncarntb.org\/fr\/drug-resistant-tb\/","og_site_name":"WARN\/CARN-TB","article_publisher":"https:\/\/web.facebook.com\/warncarntb","article_modified_time":"2025-04-21T14:22:19+00:00","og_image":[{"width":2560,"height":1707,"url":"https:\/\/warncarntb.org\/wp-content\/uploads\/2025\/04\/drug-scaled.jpg","type":"image\/jpeg"}],"twitter_card":"summary_large_image","twitter_site":"@WarnCarnTB","twitter_misc":{"Dur\u00e9e de lecture estim\u00e9e":"1 minute"},"schema":{"@context":"https:\/\/schema.org","@graph":[{"@type":"WebPage","@id":"https:\/\/warncarntb.org\/drug-resistant-tb\/","url":"https:\/\/warncarntb.org\/drug-resistant-tb\/","name":"Drug Resistant TB - WARN\/CARN-TB","isPartOf":{"@id":"http:\/\/box5403.temp.domains\/~warncarn\/#website"},"primaryImageOfPage":{"@id":"https:\/\/warncarntb.org\/drug-resistant-tb\/#primaryimage"},"image":{"@id":"https:\/\/warncarntb.org\/drug-resistant-tb\/#primaryimage"},"thumbnailUrl":"https:\/\/i0.wp.com\/warncarntb.org\/wp-content\/uploads\/2025\/04\/drug-scaled.jpg?fit=2560%2C1707&ssl=1","datePublished":"2025-04-21T14:16:24+00:00","dateModified":"2025-04-21T14:22:19+00:00","breadcrumb":{"@id":"https:\/\/warncarntb.org\/drug-resistant-tb\/#breadcrumb"},"inLanguage":"fr-FR","potentialAction":[{"@type":"ReadAction","target":["https:\/\/warncarntb.org\/drug-resistant-tb\/"]}]},{"@type":"ImageObject","inLanguage":"fr-FR","@id":"https:\/\/warncarntb.org\/drug-resistant-tb\/#primaryimage","url":"https:\/\/i0.wp.com\/warncarntb.org\/wp-content\/uploads\/2025\/04\/drug-scaled.jpg?fit=2560%2C1707&ssl=1","contentUrl":"https:\/\/i0.wp.com\/warncarntb.org\/wp-content\/uploads\/2025\/04\/drug-scaled.jpg?fit=2560%2C1707&ssl=1","width":2560,"height":1707},{"@type":"BreadcrumbList","@id":"https:\/\/warncarntb.org\/drug-resistant-tb\/#breadcrumb","itemListElement":[{"@type":"ListItem","position":1,"name":"Home","item":"https:\/\/warncarntb.org\/"},{"@type":"ListItem","position":2,"name":"Drug Resistant TB"}]},{"@type":"WebSite","@id":"http:\/\/box5403.temp.domains\/~warncarn\/#website","url":"http:\/\/box5403.temp.domains\/~warncarn\/","name":"WARN\/CARN-TB","description":"West and Central African Regional Network for TB control","publisher":{"@id":"http:\/\/box5403.temp.domains\/~warncarn\/#organization"},"potentialAction":[{"@type":"SearchAction","target":{"@type":"EntryPoint","urlTemplate":"http:\/\/box5403.temp.domains\/~warncarn\/?s={search_term_string}"},"query-input":{"@type":"PropertyValueSpecification","valueRequired":true,"valueName":"search_term_string"}}],"inLanguage":"fr-FR"},{"@type":"Organization","@id":"http:\/\/box5403.temp.domains\/~warncarn\/#organization","name":"WARN\/CARN-TB","url":"http:\/\/box5403.temp.domains\/~warncarn\/","logo":{"@type":"ImageObject","inLanguage":"fr-FR","@id":"http:\/\/box5403.temp.domains\/~warncarn\/#\/schema\/logo\/image\/","url":"https:\/\/warncarntb.org\/wp-content\/uploads\/2023\/10\/Untitled-design-3.svg","contentUrl":"https:\/\/warncarntb.org\/wp-content\/uploads\/2023\/10\/Untitled-design-3.svg","width":500,"height":500,"caption":"WARN\/CARN-TB"},"image":{"@id":"http:\/\/box5403.temp.domains\/~warncarn\/#\/schema\/logo\/image\/"},"sameAs":["https:\/\/web.facebook.com\/warncarntb","https:\/\/x.com\/WarnCarnTB"]}]}},"campaignId":"","jetpack_sharing_enabled":true,"_links":{"self":[{"href":"https:\/\/warncarntb.org\/fr\/wp-json\/wp\/v2\/pages\/1580","targetHints":{"allow":["GET"]}}],"collection":[{"href":"https:\/\/warncarntb.org\/fr\/wp-json\/wp\/v2\/pages"}],"about":[{"href":"https:\/\/warncarntb.org\/fr\/wp-json\/wp\/v2\/types\/page"}],"author":[{"embeddable":true,"href":"https:\/\/warncarntb.org\/fr\/wp-json\/wp\/v2\/users\/2"}],"replies":[{"embeddable":true,"href":"https:\/\/warncarntb.org\/fr\/wp-json\/wp\/v2\/comments?post=1580"}],"version-history":[{"count":7,"href":"https:\/\/warncarntb.org\/fr\/wp-json\/wp\/v2\/pages\/1580\/revisions"}],"predecessor-version":[{"id":1587,"href":"https:\/\/warncarntb.org\/fr\/wp-json\/wp\/v2\/pages\/1580\/revisions\/1587"}],"wp:featuredmedia":[{"embeddable":true,"href":"https:\/\/warncarntb.org\/fr\/wp-json\/wp\/v2\/media\/1578"}],"wp:attachment":[{"href":"https:\/\/warncarntb.org\/fr\/wp-json\/wp\/v2\/media?parent=1580"}],"curies":[{"name":"wp","href":"https:\/\/api.w.org\/{rel}","templated":true}]}}